{"id":3194,"date":"2022-08-22T12:45:04","date_gmt":"2022-08-22T12:45:04","guid":{"rendered":"https:\/\/spidernet.pt\/site\/?page_id=3194"},"modified":"2022-08-25T12:52:32","modified_gmt":"2022-08-25T12:52:32","slug":"outsourcing-es","status":"publish","type":"page","link":"https:\/\/spidernet.pt\/site\/es\/outsourcing-es\/","title":{"rendered":"Outsourcing &#8211; es"},"content":{"rendered":"<p>[vc_row lg_spacing=&#8221;padding_top:140;padding_bottom:110&#8243; sm_spacing=&#8221;padding_top:100;padding_bottom:100&#8243;][vc_column offset=&#8221;vc_col-md-4&#8243;][tm_heading style=&#8221;modern&#8221; custom_google_font=&#8221;&#8221; google_fonts=&#8221;font_family:Poppins%3A300%2Cregular%2C500%2C600%2C700|font_style:300%20light%20regular%3A300%3Anormal&#8221; max_width=&#8221;330px&#8221;]<mark>Outsorcing<\/mark>[\/tm_heading][tm_spacer size=&#8221;lg:24&#8243;][tm_heading tag=&#8221;h4&#8243; custom_google_font=&#8221;&#8221; font_size=&#8221;sm:28;md:34;lg:40&#8243; line_height=&#8221;1.4&#8243;]Para gerir o seu <mark>neg\u00f3cio<\/mark>[\/tm_heading][tm_spacer size=&#8221;sm:30&#8243;][\/vc_column][vc_column offset=&#8221;vc_col-md-offset-1 vc_col-md-7&#8243;][tm_heading style=&#8221;left-line&#8221; custom_google_font=&#8221;&#8221; font_weight=&#8221;800&#8243; font_size=&#8221;sm:18;md:21;lg:24&#8243; line_height=&#8221;1.67&#8243;]As empresas t\u00eam de se focar no core do seu neg\u00f3cio e garantir os melhores parceiros para suportar a sua atividade. A externaliza\u00e7\u00e3o tem como objetivo melhorar a performance e a qualidade do servi\u00e7o.[\/tm_heading][tm_spacer size=&#8221;lg:30&#8243;][tm_heading tag=&#8221;div&#8221; custom_google_font=&#8221;&#8221; font_size=&#8221;lg:18&#8243; line_height=&#8221;1.67&#8243; css=&#8221;.vc_custom_1553853457521{margin-left: 34px !important;}&#8221;]We put a strong focus on the needs of your business to figure out solutions that best fits your demand, while assisting you with building customer trust. [\/tm_heading][\/vc_column][\/vc_row][vc_row full_width=&#8221;stretch_row_content&#8221; content_placement=&#8221;middle&#8221; background_color=&#8221;custom&#8221; background_size=&#8221;auto&#8221; lg_spacing=&#8221;padding_top:40;padding_bottom:40&#8243; custom_background_color=&#8221;#f8f8f8&#8243; background_image=&#8221;725&#8243; background_position=&#8221;center right 40px&#8221; sm_spacing=&#8221;padding_top:100;padding_bottom:100&#8243;][vc_column offset=&#8221;vc_col-md-6&#8243; order=&#8221;sm:3&#8243;][vc_row_inner content_alignment=&#8221;right&#8221; sm_content_alignment=&#8221;center&#8221; max_width=&#8221;600px&#8221;][vc_column_inner][tm_spacer size=&#8221;lg:25&#8243;][tm_heading tag=&#8221;h4&#8243; custom_google_font=&#8221;&#8221; sm_align=&#8221;center&#8221; font_size=&#8221;sm:28;md:34;lg:40&#8243; line_height=&#8221;1.4&#8243;]<mark>Outsourcing<\/mark>[\/tm_heading][tm_spacer size=&#8221;lg:40&#8243;][tm_heading style=&#8221;modern&#8221; custom_google_font=&#8221;&#8221; sm_align=&#8221;center&#8221; text_color=&#8221;custom&#8221; custom_text_color=&#8221;#ababab&#8221;]somos especialistas em solu\u00e7\u00f5es de outsourcing em diferentes \u00e1reas de especializa\u00e7\u00e3o, permitindo que as empresas dediquem o seu tempo ao core do seu neg\u00f3cio.[\/tm_heading][tm_spacer size=&#8221;lg:40&#8243;][\/vc_column_inner][\/vc_row_inner][\/vc_column][vc_column offset=&#8221;vc_col-md-6&#8243;][tm_image image_size=&#8221;custom&#8221; align=&#8221;center&#8221; image=&#8221;3228&#8243; image_size_width=&#8221;480&#8243; image_size_height=&#8221;320&#8243;][tm_spacer size=&#8221;sm:30&#8243;][\/vc_column][\/vc_row][vc_row full_width=&#8221;stretch_row_content&#8221;][vc_column][tm_spacer size=&#8221;lg:120&#8243;][tm_heading tag=&#8221;h4&#8243; custom_google_font=&#8221;&#8221; align=&#8221;center&#8221; sm_align=&#8221;center&#8221; font_size=&#8221;sm:28;md:34;lg:40&#8243; line_height=&#8221;1.4&#8243;]A nossa experi\u00eancia[\/tm_heading][tm_spacer size=&#8221;lg:40&#8243;][tm_grid align=&#8221;center&#8221; columns=&#8221;xs:1;lg:2&#8243; row_gutter=&#8221;lg:15&#8243; max_width=&#8221;lg:1230&#8243; column_gutter=&#8221;lg:30&#8243;][tm_box_icon style=&#8221;03&#8243; icon_type=&#8221;fontawesome5&#8243; icon_fontawesome5=&#8221;fal fa-shield-check&#8221; box_link=&#8221;title:Talent%20acquisition|rel:nofollow&#8221; heading=&#8221;Talent acquisition&#8221; text=&#8221;Garantimos a identifica\u00e7\u00e3o e sele\u00e7\u00e3o do perfil ideal atrav\u00e9s das melhores pr\u00e1ticas do mercado, libertando o cliente de toda log\u00edstica do processo de recrutamento.&#8221; button=&#8221;|||&#8221;][tm_box_icon style=&#8221;03&#8243; icon_type=&#8221;fontawesome5&#8243; icon_fontawesome5=&#8221;fal fa-lock-alt&#8221; box_link=&#8221;title:Nearshore|rel:nofollow&#8221; heading=&#8221;Nearshore&#8221; text=&#8221;Oferecemos solu\u00e7\u00f5es para clientes que pretendam migrar as suas opera\u00e7\u00f5es para Portugal, permitindo que beneficiem de uma pool de talentos ampla e diversificada, a pre\u00e7os extremamente competitivos.&#8221; button=&#8221;|||&#8221;][tm_box_icon style=&#8221;03&#8243; icon_type=&#8221;fontawesome5&#8243; icon_fontawesome5=&#8221;fal fa-globe&#8221; box_link=&#8221;title:Outsourcing%20RH|rel:nofollow&#8221; heading=&#8221;Outsourcing RH&#8221; text=&#8221;Garantimos toda a componente de talent acquisition, bem como a respetiva gest\u00e3o contratual e administrativa dos colaboradores.&#8221; button=&#8221;|||&#8221;][tm_box_icon style=&#8221;03&#8243; icon_type=&#8221;fontawesome5&#8243; icon_fontawesome5=&#8221;fal fa-magnet&#8221; box_link=&#8221;title:Outsourcing%20BPO|rel:nofollow&#8221; heading=&#8221;Outsourcing BPO&#8221; text=&#8221;Assumimos a responsabilidade pela gest\u00e3o integral da opera\u00e7\u00e3o do cliente com foco total na presta\u00e7\u00e3o de um servi\u00e7o de excel\u00eancia, garantindo altos \u00edndices de produtividade e efici\u00eancia no neg\u00f3cio.&#8221; button=&#8221;|||&#8221;][\/tm_grid][tm_spacer size=&#8221;lg:104&#8243;][\/vc_column][\/vc_row][vc_row full_width=&#8221;stretch_row_content&#8221; content_placement=&#8221;middle&#8221; background_color=&#8221;custom&#8221; background_size=&#8221;auto&#8221; lg_spacing=&#8221;padding_top:40;padding_bottom:40&#8243; custom_background_color=&#8221;#f8f8f8&#8243; background_image=&#8221;725&#8243; background_position=&#8221;center right 40px&#8221; sm_spacing=&#8221;padding_top:100;padding_bottom:100&#8243;][vc_column offset=&#8221;vc_col-md-6&#8243;][tm_image image_size=&#8221;custom&#8221; align=&#8221;center&#8221; image=&#8221;3067&#8243; image_size_width=&#8221;400&#8243; image_size_height=&#8221;400&#8243;][tm_spacer size=&#8221;sm:30&#8243;][\/vc_column][vc_column offset=&#8221;vc_col-md-6&#8243; order=&#8221;sm:3&#8243;][vc_row_inner content_alignment=&#8221;right&#8221; sm_content_alignment=&#8221;center&#8221; max_width=&#8221;600px&#8221;][vc_column_inner][tm_heading style=&#8221;modern&#8221; custom_google_font=&#8221;&#8221; sm_align=&#8221;center&#8221; text_color=&#8221;custom&#8221; custom_text_color=&#8221;#ababab&#8221;]Outsourcing[\/tm_heading][tm_spacer size=&#8221;lg:25&#8243;][tm_heading tag=&#8221;h4&#8243; custom_google_font=&#8221;&#8221; sm_align=&#8221;center&#8221; font_size=&#8221;sm:28;md:34;lg:40&#8243; line_height=&#8221;1.4&#8243;]Porque faz sentido o <mark>Outsourcing<\/mark>[\/tm_heading][tm_spacer size=&#8221;lg:40&#8243;][tm_heading style=&#8221;modern&#8221; custom_google_font=&#8221;&#8221; sm_align=&#8221;center&#8221; text_color=&#8221;custom&#8221; custom_text_color=&#8221;#ababab&#8221;]Apostamos no desenvolvimento de uma estrutura profissional adequada para alcan\u00e7ar os objetivos propostos e o respetivo sucesso dos nossos clientes. Somos uma empresa human forward com a ambi\u00e7\u00e3o de ser o best place to work e best in class no nosso setor, por isso contamos com as melhores pessoas totalmente focadas na presta\u00e7\u00e3o de um servi\u00e7o de excel\u00eancia.[\/tm_heading][tm_spacer size=&#8221;lg:40&#8243;][tm_button size=&#8221;custom&#8221; button=&#8221;url:https%3A%2F%2Fspidernet.pt%2Fsite|title:Saiba%20mais&#8221; icon_align=&#8221;left&#8221; sm_align=&#8221;center&#8221; width=&#8221;205&#8243; icon_font_size=&#8221;lg:14&#8243;][\/vc_column_inner][\/vc_row_inner][\/vc_column][\/vc_row]<\/p>\n","protected":false},"excerpt":{"rendered":"<p>[vc_row lg_spacing=&#8221;padding_top:140;padding_bottom:110&#8243; sm_spacing=&#8221;padding_top:100;padding_bottom:100&#8243;][vc_column offset=&#8221;vc_col-md-4&#8243;][tm_heading style=&#8221;modern&#8221; custom_google_font=&#8221;&#8221; google_fonts=&#8221;font_family:Poppins%3A300%2Cregular%2C500%2C600%2C700|font_style:300%20light%20regular%3A300%3Anormal&#8221; max_width=&#8221;330px&#8221;]Outsorcing[\/tm_heading][tm_spacer size=&#8221;lg:24&#8243;][tm_heading tag=&#8221;h4&#8243; custom_google_font=&#8221;&#8221; font_size=&#8221;sm:28;md:34;lg:40&#8243; line_height=&#8221;1.4&#8243;]Para gerir o seu neg\u00f3cio[\/tm_heading][tm_spacer size=&#8221;sm:30&#8243;][\/vc_column][vc_column offset=&#8221;vc_col-md-offset-1 vc_col-md-7&#8243;][tm_heading style=&#8221;left-line&#8221; custom_google_font=&#8221;&#8221; font_weight=&#8221;800&#8243; font_size=&#8221;sm:18;md:21;lg:24&#8243; line_height=&#8221;1.67&#8243;]As empresas t\u00eam de se focar no core do seu neg\u00f3cio e garantir os melhores parceiros para suportar a sua atividade. A externaliza\u00e7\u00e3o tem como objetivo melhorar a performance e a qualidade do servi\u00e7o.[\/tm_heading][tm_spacer size=&#8221;lg:30&#8243;][tm_heading tag=&#8221;div&#8221; custom_google_font=&#8221;&#8221; font_size=&#8221;lg:18&#8243; line_height=&#8221;1.67&#8243; css=&#8221;.vc_custom_1553853457521{margin-left: 34px !important;}&#8221;]We put a strong focus on the needs of your business to figure out solutions that best fits your demand, while assisting you with building customer trust. [\/tm_heading][\/vc_column][\/vc_row][vc_row full_width=&#8221;stretch_row_content&#8221; content_placement=&#8221;middle&#8221; background_color=&#8221;custom&#8221; background_size=&#8221;auto&#8221; lg_spacing=&#8221;padding_top:40;padding_bottom:40&#8243; custom_background_color=&#8221;#f8f8f8&#8243; background_image=&#8221;725&#8243; background_position=&#8221;center right 40px&#8221; sm_spacing=&#8221;padding_top:100;padding_bottom:100&#8243;][vc_column offset=&#8221;vc_col-md-6&#8243; order=&#8221;sm:3&#8243;][vc_row_inner content_alignment=&#8221;right&#8221; sm_content_alignment=&#8221;center&#8221; max_width=&#8221;600px&#8221;][vc_column_inner][tm_spacer size=&#8221;lg:25&#8243;][tm_heading tag=&#8221;h4&#8243; custom_google_font=&#8221;&#8221; sm_align=&#8221;center&#8221; font_size=&#8221;sm:28;md:34;lg:40&#8243; line_height=&#8221;1.4&#8243;]Outsourcing[\/tm_heading][tm_spacer size=&#8221;lg:40&#8243;][tm_heading style=&#8221;modern&#8221; custom_google_font=&#8221;&#8221; sm_align=&#8221;center&#8221; text_color=&#8221;custom&#8221; custom_text_color=&#8221;#ababab&#8221;]somos especialistas em solu\u00e7\u00f5es de outsourcing em diferentes \u00e1reas de especializa\u00e7\u00e3o, permitindo que as empresas dediquem o seu tempo ao core do seu neg\u00f3cio.[\/tm_heading][tm_spacer size=&#8221;lg:40&#8243;][\/vc_column_inner][\/vc_row_inner][\/vc_column][vc_column offset=&#8221;vc_col-md-6&#8243;][tm_image image_size=&#8221;custom&#8221; align=&#8221;center&#8221; image=&#8221;3228&#8243; image_size_width=&#8221;480&#8243; image_size_height=&#8221;320&#8243;][tm_spacer size=&#8221;sm:30&#8243;][\/vc_column][\/vc_row][vc_row full_width=&#8221;stretch_row_content&#8221;][vc_column][tm_spacer size=&#8221;lg:120&#8243;][tm_heading tag=&#8221;h4&#8243; custom_google_font=&#8221;&#8221; align=&#8221;center&#8221; sm_align=&#8221;center&#8221; font_size=&#8221;sm:28;md:34;lg:40&#8243; line_height=&#8221;1.4&#8243;]A nossa experi\u00eancia[\/tm_heading][tm_spacer size=&#8221;lg:40&#8243;][tm_grid align=&#8221;center&#8221; columns=&#8221;xs:1;lg:2&#8243; row_gutter=&#8221;lg:15&#8243; max_width=&#8221;lg:1230&#8243; column_gutter=&#8221;lg:30&#8243;][tm_box_icon style=&#8221;03&#8243; icon_type=&#8221;fontawesome5&#8243; icon_fontawesome5=&#8221;fal fa-shield-check&#8221; box_link=&#8221;title:Talent%20acquisition|rel:nofollow&#8221; heading=&#8221;Talent acquisition&#8221; text=&#8221;Garantimos a identifica\u00e7\u00e3o e sele\u00e7\u00e3o do perfil ideal atrav\u00e9s das melhores pr\u00e1ticas do mercado, libertando o cliente de toda log\u00edstica do processo de recrutamento.&#8221; button=&#8221;|||&#8221;][tm_box_icon style=&#8221;03&#8243; icon_type=&#8221;fontawesome5&#8243; icon_fontawesome5=&#8221;fal fa-lock-alt&#8221; box_link=&#8221;title:Nearshore|rel:nofollow&#8221; heading=&#8221;Nearshore&#8221; text=&#8221;Oferecemos solu\u00e7\u00f5es para clientes que pretendam migrar as suas opera\u00e7\u00f5es para Portugal, permitindo que beneficiem de uma pool de talentos ampla e diversificada, a pre\u00e7os extremamente competitivos.&#8221; button=&#8221;|||&#8221;][tm_box_icon style=&#8221;03&#8243; icon_type=&#8221;fontawesome5&#8243; icon_fontawesome5=&#8221;fal fa-globe&#8221; box_link=&#8221;title:Outsourcing%20RH|rel:nofollow&#8221; heading=&#8221;Outsourcing RH&#8221; text=&#8221;Garantimos toda a componente de talent acquisition, bem como a respetiva gest\u00e3o contratual e administrativa dos colaboradores.&#8221; button=&#8221;|||&#8221;][tm_box_icon style=&#8221;03&#8243; icon_type=&#8221;fontawesome5&#8243; icon_fontawesome5=&#8221;fal fa-magnet&#8221; box_link=&#8221;title:Outsourcing%20BPO|rel:nofollow&#8221; heading=&#8221;Outsourcing BPO&#8221; text=&#8221;Assumimos a responsabilidade pela gest\u00e3o integral da opera\u00e7\u00e3o do cliente com foco total na presta\u00e7\u00e3o de um servi\u00e7o de excel\u00eancia, garantindo altos \u00edndices de produtividade e efici\u00eancia no neg\u00f3cio.&#8221; button=&#8221;|||&#8221;][\/tm_grid][tm_spacer size=&#8221;lg:104&#8243;][\/vc_column][\/vc_row][vc_row full_width=&#8221;stretch_row_content&#8221; content_placement=&#8221;middle&#8221; background_color=&#8221;custom&#8221; background_size=&#8221;auto&#8221; lg_spacing=&#8221;padding_top:40;padding_bottom:40&#8243; custom_background_color=&#8221;#f8f8f8&#8243; background_image=&#8221;725&#8243; background_position=&#8221;center right 40px&#8221; sm_spacing=&#8221;padding_top:100;padding_bottom:100&#8243;][vc_column offset=&#8221;vc_col-md-6&#8243;][tm_image image_size=&#8221;custom&#8221; align=&#8221;center&#8221; image=&#8221;3067&#8243; image_size_width=&#8221;400&#8243; image_size_height=&#8221;400&#8243;][tm_spacer size=&#8221;sm:30&#8243;][\/vc_column][vc_column offset=&#8221;vc_col-md-6&#8243; order=&#8221;sm:3&#8243;][vc_row_inner content_alignment=&#8221;right&#8221; sm_content_alignment=&#8221;center&#8221; max_width=&#8221;600px&#8221;][vc_column_inner][tm_heading style=&#8221;modern&#8221; custom_google_font=&#8221;&#8221; sm_align=&#8221;center&#8221; text_color=&#8221;custom&#8221; custom_text_color=&#8221;#ababab&#8221;]Outsourcing[\/tm_heading][tm_spacer size=&#8221;lg:25&#8243;][tm_heading tag=&#8221;h4&#8243; custom_google_font=&#8221;&#8221; sm_align=&#8221;center&#8221; font_size=&#8221;sm:28;md:34;lg:40&#8243; line_height=&#8221;1.4&#8243;]Porque faz sentido o Outsourcing[\/tm_heading][tm_spacer size=&#8221;lg:40&#8243;][tm_heading style=&#8221;modern&#8221; custom_google_font=&#8221;&#8221; sm_align=&#8221;center&#8221; text_color=&#8221;custom&#8221; custom_text_color=&#8221;#ababab&#8221;]Apostamos no desenvolvimento de uma estrutura profissional adequada para alcan\u00e7ar os objetivos propostos e o respetivo sucesso dos nossos clientes. Somos uma empresa human forward com a ambi\u00e7\u00e3o de ser o best place to work e best in class no nosso setor, por isso contamos com as melhores pessoas totalmente focadas na presta\u00e7\u00e3o de um servi\u00e7o de excel\u00eancia.[\/tm_heading][tm_spacer size=&#8221;lg:40&#8243;][tm_button size=&#8221;custom&#8221; button=&#8221;url:https%3A%2F%2Fspidernet.pt%2Fsite|title:Saiba%20mais&#8221; icon_align=&#8221;left&#8221; sm_align=&#8221;center&#8221; width=&#8221;205&#8243; icon_font_size=&#8221;lg:14&#8243;][\/vc_column_inner][\/vc_row_inner][\/vc_column][\/vc_row]<\/p>\n","protected":false},"author":1,"featured_media":0,"parent":0,"menu_order":1,"comment_status":"closed","ping_status":"closed","template":"","meta":{"footnotes":""},"class_list":["post-3194","page","type-page","status-publish","hentry","post-no-thumbnail"],"_links":{"self":[{"href":"https:\/\/spidernet.pt\/site\/wp-json\/wp\/v2\/pages\/3194","targetHints":{"allow":["GET"]}}],"collection":[{"href":"https:\/\/spidernet.pt\/site\/wp-json\/wp\/v2\/pages"}],"about":[{"href":"https:\/\/spidernet.pt\/site\/wp-json\/wp\/v2\/types\/page"}],"author":[{"embeddable":true,"href":"https:\/\/spidernet.pt\/site\/wp-json\/wp\/v2\/users\/1"}],"replies":[{"embeddable":true,"href":"https:\/\/spidernet.pt\/site\/wp-json\/wp\/v2\/comments?post=3194"}],"version-history":[{"count":2,"href":"https:\/\/spidernet.pt\/site\/wp-json\/wp\/v2\/pages\/3194\/revisions"}],"predecessor-version":[{"id":3229,"href":"https:\/\/spidernet.pt\/site\/wp-json\/wp\/v2\/pages\/3194\/revisions\/3229"}],"wp:attachment":[{"href":"https:\/\/spidernet.pt\/site\/wp-json\/wp\/v2\/media?parent=3194"}],"curies":[{"name":"wp","href":"https:\/\/api.w.org\/{rel}","templated":true}]}}