{"id":3147,"date":"2022-08-22T12:03:58","date_gmt":"2022-08-22T12:03:58","guid":{"rendered":"https:\/\/spidernet.pt\/site\/?page_id=3147"},"modified":"2022-08-25T12:29:24","modified_gmt":"2022-08-25T12:29:24","slug":"soporte-ti","status":"publish","type":"page","link":"https:\/\/spidernet.pt\/site\/es\/soporte-ti\/","title":{"rendered":"Soporte TI"},"content":{"rendered":"<p>[vc_row full_width=&#8221;stretch_row&#8221; content_placement=&#8221;middle&#8221; background_color=&#8221;custom&#8221; separator_type=&#8221;center_curve_alt&#8221; custom_separator_color=&#8221;#f8f8f8&#8243; custom_background_color=&#8221;#ffffff&#8221; separator_height=&#8221;lg:90&#8243; background_image=&#8221;2993&#8243;][vc_column][tm_spacer size=&#8221;sm:180;lg:140&#8243;][tm_heading custom_google_font=&#8221;&#8221; align=&#8221;center&#8221; text_color=&#8221;custom&#8221; custom_text_color=&#8221;#ffffff&#8221; font_size=&#8221;xs:34;sm:44;md:54;lg:64&#8243; line_height=&#8221;1.09&#8243;]Soporte T\u00e9cnico TI[\/tm_heading][tm_spacer size=&#8221;lg:29&#8243;][tm_heading tag=&#8221;div&#8221; custom_google_font=&#8221;&#8221; font_weight=&#8221;500&#8243; align=&#8221;center&#8221; text_color=&#8221;custom&#8221; custom_text_color=&#8221;#ffffff&#8221; font_size=&#8221;sm:18;md:21;lg:24&#8243;]Servicios TI personalizados que se adaptan a su neg\u00f3cio[\/tm_heading][tm_spacer size=&#8221;lg:200&#8243;][\/vc_column][\/vc_row][vc_section full_width=&#8221;stretch_row&#8221; background_color=&#8221;custom&#8221; custom_background_color=&#8221;#f8f8f8&#8243; el_id=&#8221;section-consultation&#8221;][vc_row layer_index=&#8221;2&#8243;][vc_column][tm_slider_group content_shadow=&#8221;01&#8243; pagination=&#8221;01&#8243; gutter=&#8221;&#8221; auto_play=&#8221;5000&#8243; items_display=&#8221;xs:1;sm:2;lg:3&#8243; lg_spacing=&#8221;margin_top:-125&#8243;][tm_box_image style=&#8221;04&#8243; image=&#8221;633&#8243; heading=&#8221;Garant\u00eda de Gesti\u00f3n de TI&#8221; text=&#8221;Nuestra oferta de servicios proporciona a los clientes una experiencia \u00fanica de gesti\u00f3n TI garantizada de todo su parque inform\u00e1tico y sus activos.&#8221; hover_image=&#8221;630&#8243;][tm_box_image style=&#8221;04&#8243; image=&#8221;632&#8243; heading=&#8221;Ingenier\u00eda de Productos y Servicios&#8221; text=&#8221;Desarrollar y\/o proponer mejoras del producto mediante pruebas peri\u00f3dicas y precisas, reparando y perfeccionando cada versi\u00f3n.&#8221; hover_image=&#8221;629&#8243;][tm_box_image style=&#8221;04&#8243; image=&#8221;631&#8243; heading=&#8221;Sistema de Control de Calidad&#8221; text=&#8221;Es m\u00e1s que una responsabilidad, es una garant\u00eda de nuestra parte, para ganar la confianza del cliente con un sistema de control de calidad altamente confiable.&#8221; hover_image=&#8221;628&#8243;][\/tm_slider_group][tm_spacer size=&#8221;lg:46&#8243;][vc_row_inner content_placement=&#8221;middle&#8221;][vc_column_inner width=&#8221;2\/3&#8243;][tm_heading style=&#8221;modern&#8221; custom_google_font=&#8221;&#8221; text_color=&#8221;custom&#8221; custom_text_color=&#8221;#ababab&#8221;]Spidernet entiende que en el mundo de la TI no hay una talla \u00fanica, por lo que adaptamos nuestros paquetes de asistencia inform\u00e1tica a las necesidades espec\u00edficas de su empresa.<br \/>\n<mark>Los clientes siempre tienen la opci\u00f3n de elegir entre un contrato de soporte mensual ilimitado totalmente gestionado, comprar un paquete de horas o simplemente pagar seg\u00fan sus necesidades.<\/mark><br \/>\nLa elecci\u00f3n es suya y, sea cual sea, tenga la seguridad de que todos nuestros servicios se llevar\u00e1n a cabo con un servicio impecable y profesionalidad.[\/tm_heading][tm_spacer size=&#8221;lg:50&#8243;][\/vc_column_inner][vc_column_inner width=&#8221;1\/3&#8243;][tm_button size=&#8221;custom&#8221; button=&#8221;url:https%3A%2F%2Fspidernet.pt%2Fsite%2Fes%2Fcontactos-es%2F|title:Cont%C3%A1ctenos&#8221; icon_align=&#8221;left&#8221; align=&#8221;right&#8221; xs_align=&#8221;left&#8221; width=&#8221;180&#8243; icon_font_size=&#8221;lg:14&#8243;][\/vc_column_inner][\/vc_row_inner][\/vc_column][\/vc_row][\/vc_section][vc_row full_width=&#8221;stretch_row&#8221;][vc_column][tm_spacer size=&#8221;sm:20;lg:30&#8243;][tm_spacer size=&#8221;lg:66&#8243;][tm_heading custom_google_font=&#8221;&#8221; align=&#8221;center&#8221; font_size=&#8221;sm:28;md:34;lg:40&#8243; line_height=&#8221;1.4&#8243;]Prep\u00e1rese para el \u00e9xito,<br \/>\nproporcionamos las <mark>Soluciones TI Fundamentales.<\/mark>[\/tm_heading][tm_spacer size=&#8221;xs:30;lg:70&#8243;][tm_grid columns=&#8221;xs:1;sm:2;lg:4&#8243; column_gutter=&#8221;lg:30&#8243; row_gutter=&#8221;lg:30&#8243;][tm_box_icon align=&#8221;center&#8221; icon_type=&#8221;linea_svg&#8221; icon_linea_svg=&#8221;linea-music-headphones&#8221; heading=&#8221;Soporte Remoto&#8221; text=&#8221;Gracias a un profundo conocimiento del entorno de su negocio y de sus TI, podemos ofrecer una asistencia eficaz a sus usuarios e infraestructuras. La continuidad del negocio es fundamental.&#8221;][tm_box_icon align=&#8221;center&#8221; icon_type=&#8221;linea_svg&#8221; icon_linea_svg=&#8221;linea-basic-case&#8221; heading=&#8221;Soporte Proactivo&#8221; text=&#8221;Cuando el sistema de supervisi\u00f3n nos avisa de un posible problema, lo abordamos de forma proactiva antes de que sea cr\u00edtico. Utilizamos el an\u00e1lisis de tendencias para identificar cualquier problema recurrente y llegar a la causa ra\u00edz.&#8221;][tm_box_icon align=&#8221;center&#8221; icon_type=&#8221;linea_svg&#8221; icon_linea_svg=&#8221;linea-basic-alarm&#8221; heading=&#8221;Supervisi\u00f3n 24\/7&#8243; text=&#8221;Supervisi\u00f3n ininterrumpida de su infraestructura TI, desde el hardware del servidor hasta la conexi\u00f3n a Internet y las aplicaciones cr\u00edticas para la empresa. Capturamos cualquier anomal\u00eda.&#8221;][tm_box_icon align=&#8221;center&#8221; icon_type=&#8221;linea_svg&#8221; icon_linea_svg=&#8221;linea-basic-gear&#8221; heading=&#8221;Configuraci\u00f3n y Pruebas&#8221; text=&#8221;Preconfiguramos todos sus equipos antes de ir a la obra, lo que garantiza que funcionen como se espera y minimiza las interrupciones durante la instalaci\u00f3n.&#8221;][tm_box_icon align=&#8221;center&#8221; icon_type=&#8221;linea_svg&#8221; icon_linea_svg=&#8221;linea-basic-geolocalize-05&#8243; heading=&#8221;Gesti\u00f3n de Proveedores&#8221; text=&#8221;Eliminamos el dolor de cabeza que supone tratar con varios proveedores poni\u00e9ndonos en contacto con ellos en relaci\u00f3n con cualquier problema de asistencia en su nombre, lo que suele dar lugar a una resoluci\u00f3n m\u00e1s r\u00e1pida.&#8221;][tm_box_icon align=&#8221;center&#8221; icon_type=&#8221;linea_svg&#8221; icon_linea_svg=&#8221;linea-basic-heart&#8221; heading=&#8221;Garant\u00eda de Tiempo de Respuesta&#8221; text=&#8221;Clasificamos y priorizamos los problemas seg\u00fan el framework ITIL y cumplimos nuestro SLA. Para los problemas cr\u00edticos que requieren asistencia presencial, siempre garantizamos el plazo acordado.&#8221;][tm_box_icon align=&#8221;center&#8221; icon_type=&#8221;linea_svg&#8221; icon_linea_svg=&#8221;linea-ecommerce-money&#8221; heading=&#8221;Reporting&#8221; text=&#8221;Nuestro portal de clientes permite una visibilidad total de todas las solicitudes de asistencia, proporcionando potentes funciones de informaci\u00f3n y datos estad\u00edsticos.&#8221;][tm_box_icon align=&#8221;center&#8221; icon_type=&#8221;linea_svg&#8221; icon_linea_svg=&#8221;linea-basic-spread-text-bookmark&#8221; heading=&#8221;Opciones de Soporte Flexible&#8221; text=&#8221;Nuestros contratos de asistencia se adaptan a las necesidades de su empresa y pueden ampliarse f\u00e1cilmente a medida que \u00e9sta crece.&#8221;][\/tm_grid][tm_spacer size=&#8221;lg:110&#8243;][\/vc_column][\/vc_row][vc_row full_width=&#8221;stretch_row&#8221; content_placement=&#8221;middle&#8221; background_color=&#8221;custom&#8221; background_size=&#8221;auto&#8221; custom_background_color=&#8221;#002fa6&#8243; background_image=&#8221;379&#8243; lg_spacing=&#8221;padding_top:128;padding_bottom:128&#8243; background_position=&#8221;top right&#8221; sm_spacing=&#8221;padding_top:100;padding_bottom:100&#8243;][vc_column width=&#8221;1\/2&#8243;][tm_heading style=&#8221;left-line&#8221; custom_google_font=&#8221;&#8221; text_color=&#8221;custom&#8221; custom_text_color=&#8221;#ffffff&#8221; max_width=&#8221;470px&#8221;]Para m\u00e1s informaci\u00f3n, p\u00f3ngase en contacto con nosotros a trav\u00e9s de nuestros canales.[\/tm_heading][tm_spacer size=&#8221;lg:12&#8243;][tm_heading tag=&#8221;div&#8221; custom_google_font=&#8221;&#8221; text_color=&#8221;custom&#8221; custom_text_color=&#8221;#ffffff&#8221; font_size=&#8221;lg:18&#8243; line_height=&#8221;1.67&#8243; css=&#8221;.vc_custom_1661348892140{margin-left: 34px !important;}&#8221;]Le responderemos en un par de horas.<br \/>\nY nunca m\u00e1s de 2 d\u00edas h\u00e1biles despu\u00e9s de recibir su Ticket.[\/tm_heading][tm_spacer size=&#8221;xs:40&#8243;][\/vc_column][vc_column width=&#8221;1\/2&#8243;][tm_icon icon_type=&#8221;fontawesome5&#8243; icon_fontawesome5=&#8221;fal fa-phone&#8221; align=&#8221;center&#8221; icon_color=&#8221;custom&#8221; custom_icon_color=&#8221;#ffffff&#8221; font_size=&#8221;lg:40&#8243;][tm_spacer size=&#8221;lg:16&#8243;][tm_heading style=&#8221;modern-02&#8243; custom_google_font=&#8221;&#8221; align=&#8221;center&#8221; text_color=&#8221;custom&#8221; custom_text_color=&#8221;rgba(255,255,255,0.8)&#8221;]\u00bfNECESITA AYUDA?[\/tm_heading][tm_spacer size=&#8221;lg:3&#8243;][tm_heading custom_google_font=&#8221;&#8221; align=&#8221;center&#8221; text_color=&#8221;secondary&#8221; hover_text_color=&#8221;secondary&#8221; font_size=&#8221;sm:36;md:42;lg:48&#8243; line_height=&#8221;1.17&#8243;]<a href=\"tel:+351213477273\">+351 21 347 72 73<\/a>[\/tm_heading][tm_spacer size=&#8221;lg:26&#8243;][tm_button size=&#8221;custom&#8221; button=&#8221;url:https%3A%2F%2Fspidernet.pt%2Fsite%2Fes%2Fcontactos-es%2F|title:Cont%C3%A1ctenos&#8221; align=&#8221;center&#8221; color=&#8221;custom&#8221; button_bg_color=&#8221;custom&#8221; font_color=&#8221;primary&#8221; button_border_color=&#8221;custom&#8221; button_bg_color_hover=&#8221;secondary&#8221; font_color_hover=&#8221;custom&#8221; button_border_color_hover=&#8221;secondary&#8221; width=&#8221;230&#8243; custom_button_bg_color=&#8221;#ffffff&#8221; custom_button_border_color=&#8221;#ffffff&#8221; custom_font_color_hover=&#8221;#ffffff&#8221;][\/vc_column][\/vc_row][vc_row full_width=&#8221;stretch_row_content&#8221;][vc_column][tm_spacer size=&#8221;lg:90&#8243;][tm_grid align=&#8221;center&#8221; columns=&#8221;xs:1;lg:2&#8243; column_gutter=&#8221;lg:30&#8243; row_gutter=&#8221;lg:30&#8243; max_width=&#8221;lg:1230&#8243;][tm_box_icon style=&#8221;03&#8243; icon_type=&#8221;fontawesome5&#8243; icon_fontawesome5=&#8221;fal fa-life-ring&#8221; heading=&#8221;Garant\u00eda de Gesti\u00f3n TI&#8221; text=&#8221;Nuestra oferta de servicios proporciona a los clientes una experiencia \u00fanica de gesti\u00f3n TI garantizada de todo su parque inform\u00e1tico y sus activos.&#8221;][tm_box_icon style=&#8221;03&#8243; icon_type=&#8221;fontawesome5&#8243; icon_fontawesome5=&#8221;fal fa-lock-alt&#8221; heading=&#8221;Gesti\u00f3n y Seguridad de la informaci\u00f3n&#8221; text=&#8221;La seguridad de la informaci\u00f3n ha sido un problema creciente debido a una serie de esc\u00e1ndalos en grandes empresas. Qu\u00e9dese tranquilo, estamos aqu\u00ed.&#8221;][tm_box_icon style=&#8221;03&#8243; icon_type=&#8221;fontawesome5&#8243; icon_fontawesome5=&#8221;fal fa-globe&#8221; heading=&#8221;Tecnolog\u00eda de Integraci\u00f3n de Infraestructuras&#8221; text=&#8221;En Spidernet, adoptamos un enfoque hol\u00edstico e integrado de la modernizaci\u00f3n del n\u00facleo para experimentar la evoluci\u00f3n tecnol\u00f3gica.&#8221;][tm_box_icon style=&#8221;03&#8243; icon_type=&#8221;fontawesome5&#8243; icon_fontawesome5=&#8221;fal fa-medal&#8221; heading=&#8221;Equipos Altamente Profesionales&#8221; text=&#8221;Al haber obtenido un alto nivel de formaci\u00f3n en tecnolog\u00eda inform\u00e1tica, nuestros equipos se sienten c\u00f3modos para afrontar cualquier reto.&#8221; button=&#8221;|||&#8221;][\/tm_grid][tm_spacer size=&#8221;lg:74&#8243;][\/vc_column][\/vc_row]<\/p>\n","protected":false},"excerpt":{"rendered":"<p>[vc_row full_width=&#8221;stretch_row&#8221; content_placement=&#8221;middle&#8221; background_color=&#8221;custom&#8221; separator_type=&#8221;center_curve_alt&#8221; custom_separator_color=&#8221;#f8f8f8&#8243; custom_background_color=&#8221;#ffffff&#8221; separator_height=&#8221;lg:90&#8243; background_image=&#8221;2993&#8243;][vc_column][tm_spacer size=&#8221;sm:180;lg:140&#8243;][tm_heading custom_google_font=&#8221;&#8221; align=&#8221;center&#8221; text_color=&#8221;custom&#8221; custom_text_color=&#8221;#ffffff&#8221; font_size=&#8221;xs:34;sm:44;md:54;lg:64&#8243; line_height=&#8221;1.09&#8243;]Soporte T\u00e9cnico TI[\/tm_heading][tm_spacer size=&#8221;lg:29&#8243;][tm_heading tag=&#8221;div&#8221; custom_google_font=&#8221;&#8221; font_weight=&#8221;500&#8243; align=&#8221;center&#8221; text_color=&#8221;custom&#8221; custom_text_color=&#8221;#ffffff&#8221; font_size=&#8221;sm:18;md:21;lg:24&#8243;]Servicios TI personalizados que se adaptan a su neg\u00f3cio[\/tm_heading][tm_spacer size=&#8221;lg:200&#8243;][\/vc_column][\/vc_row][vc_section full_width=&#8221;stretch_row&#8221; background_color=&#8221;custom&#8221; custom_background_color=&#8221;#f8f8f8&#8243; el_id=&#8221;section-consultation&#8221;][vc_row layer_index=&#8221;2&#8243;][vc_column][tm_slider_group content_shadow=&#8221;01&#8243; pagination=&#8221;01&#8243; gutter=&#8221;&#8221; auto_play=&#8221;5000&#8243; items_display=&#8221;xs:1;sm:2;lg:3&#8243; lg_spacing=&#8221;margin_top:-125&#8243;][tm_box_image style=&#8221;04&#8243; image=&#8221;633&#8243; heading=&#8221;Garant\u00eda de Gesti\u00f3n de TI&#8221; text=&#8221;Nuestra oferta de servicios proporciona a los clientes una experiencia \u00fanica de gesti\u00f3n TI garantizada de todo su parque inform\u00e1tico y sus activos.&#8221; hover_image=&#8221;630&#8243;][tm_box_image style=&#8221;04&#8243; image=&#8221;632&#8243; heading=&#8221;Ingenier\u00eda de Productos y Servicios&#8221; text=&#8221;Desarrollar y\/o proponer mejoras del producto mediante pruebas peri\u00f3dicas y precisas, reparando y perfeccionando cada versi\u00f3n.&#8221; hover_image=&#8221;629&#8243;][tm_box_image style=&#8221;04&#8243; image=&#8221;631&#8243; heading=&#8221;Sistema de Control de Calidad&#8221; text=&#8221;Es m\u00e1s que una responsabilidad, es una garant\u00eda de nuestra parte, para ganar la confianza del cliente con un sistema de control de calidad altamente confiable.&#8221; hover_image=&#8221;628&#8243;][\/tm_slider_group][tm_spacer size=&#8221;lg:46&#8243;][vc_row_inner content_placement=&#8221;middle&#8221;][vc_column_inner width=&#8221;2\/3&#8243;][tm_heading style=&#8221;modern&#8221; custom_google_font=&#8221;&#8221; text_color=&#8221;custom&#8221; custom_text_color=&#8221;#ababab&#8221;]Spidernet entiende que en el mundo de la TI no hay una talla \u00fanica, por lo que adaptamos nuestros paquetes de asistencia inform\u00e1tica a las necesidades espec\u00edficas de su empresa. Los clientes siempre tienen la opci\u00f3n de elegir entre un contrato de soporte mensual ilimitado totalmente gestionado, comprar un paquete de horas o simplemente pagar seg\u00fan sus necesidades. La elecci\u00f3n es suya y, sea cual sea, tenga la seguridad de que todos nuestros servicios se llevar\u00e1n a cabo con un servicio impecable y profesionalidad.[\/tm_heading][tm_spacer size=&#8221;lg:50&#8243;][\/vc_column_inner][vc_column_inner width=&#8221;1\/3&#8243;][tm_button size=&#8221;custom&#8221; button=&#8221;url:https%3A%2F%2Fspidernet.pt%2Fsite%2Fes%2Fcontactos-es%2F|title:Cont%C3%A1ctenos&#8221; icon_align=&#8221;left&#8221; align=&#8221;right&#8221; xs_align=&#8221;left&#8221; width=&#8221;180&#8243; icon_font_size=&#8221;lg:14&#8243;][\/vc_column_inner][\/vc_row_inner][\/vc_column][\/vc_row][\/vc_section][vc_row full_width=&#8221;stretch_row&#8221;][vc_column][tm_spacer size=&#8221;sm:20;lg:30&#8243;][tm_spacer size=&#8221;lg:66&#8243;][tm_heading custom_google_font=&#8221;&#8221; align=&#8221;center&#8221; font_size=&#8221;sm:28;md:34;lg:40&#8243; line_height=&#8221;1.4&#8243;]Prep\u00e1rese para el \u00e9xito, proporcionamos las Soluciones TI Fundamentales.[\/tm_heading][tm_spacer size=&#8221;xs:30;lg:70&#8243;][tm_grid columns=&#8221;xs:1;sm:2;lg:4&#8243; column_gutter=&#8221;lg:30&#8243; row_gutter=&#8221;lg:30&#8243;][tm_box_icon align=&#8221;center&#8221; icon_type=&#8221;linea_svg&#8221; icon_linea_svg=&#8221;linea-music-headphones&#8221; heading=&#8221;Soporte Remoto&#8221; text=&#8221;Gracias a un profundo conocimiento del entorno de su negocio y de sus TI, podemos ofrecer una asistencia eficaz a sus usuarios e infraestructuras. La continuidad del negocio es fundamental.&#8221;][tm_box_icon align=&#8221;center&#8221; icon_type=&#8221;linea_svg&#8221; icon_linea_svg=&#8221;linea-basic-case&#8221; heading=&#8221;Soporte Proactivo&#8221; text=&#8221;Cuando el sistema de supervisi\u00f3n nos avisa de un posible problema, lo abordamos de forma proactiva antes de que sea cr\u00edtico. Utilizamos el an\u00e1lisis de tendencias para identificar cualquier problema recurrente y llegar a la causa ra\u00edz.&#8221;][tm_box_icon align=&#8221;center&#8221; icon_type=&#8221;linea_svg&#8221; icon_linea_svg=&#8221;linea-basic-alarm&#8221; heading=&#8221;Supervisi\u00f3n 24\/7&#8243; text=&#8221;Supervisi\u00f3n ininterrumpida de su infraestructura TI, desde el hardware del servidor hasta la conexi\u00f3n a Internet y las aplicaciones cr\u00edticas para la empresa. Capturamos cualquier anomal\u00eda.&#8221;][tm_box_icon align=&#8221;center&#8221; icon_type=&#8221;linea_svg&#8221; icon_linea_svg=&#8221;linea-basic-gear&#8221; heading=&#8221;Configuraci\u00f3n y Pruebas&#8221; text=&#8221;Preconfiguramos todos sus equipos antes de ir a la obra, lo que garantiza que funcionen como se espera y minimiza las interrupciones durante la instalaci\u00f3n.&#8221;][tm_box_icon align=&#8221;center&#8221; icon_type=&#8221;linea_svg&#8221; icon_linea_svg=&#8221;linea-basic-geolocalize-05&#8243; heading=&#8221;Gesti\u00f3n de Proveedores&#8221; text=&#8221;Eliminamos el dolor de cabeza que supone tratar con varios proveedores poni\u00e9ndonos en contacto con ellos en relaci\u00f3n con cualquier problema de asistencia en su nombre, lo que suele dar lugar a una resoluci\u00f3n m\u00e1s r\u00e1pida.&#8221;][tm_box_icon align=&#8221;center&#8221; icon_type=&#8221;linea_svg&#8221; icon_linea_svg=&#8221;linea-basic-heart&#8221; heading=&#8221;Garant\u00eda de Tiempo de Respuesta&#8221; text=&#8221;Clasificamos y priorizamos los problemas seg\u00fan el framework ITIL y cumplimos nuestro SLA. Para los problemas cr\u00edticos que requieren asistencia presencial, siempre garantizamos el plazo acordado.&#8221;][tm_box_icon align=&#8221;center&#8221; icon_type=&#8221;linea_svg&#8221; icon_linea_svg=&#8221;linea-ecommerce-money&#8221; heading=&#8221;Reporting&#8221; text=&#8221;Nuestro portal de clientes permite una visibilidad total de todas las solicitudes de asistencia, proporcionando potentes funciones de informaci\u00f3n y datos estad\u00edsticos.&#8221;][tm_box_icon align=&#8221;center&#8221; icon_type=&#8221;linea_svg&#8221; icon_linea_svg=&#8221;linea-basic-spread-text-bookmark&#8221; heading=&#8221;Opciones de Soporte Flexible&#8221; text=&#8221;Nuestros contratos de asistencia se adaptan a las necesidades de su empresa y pueden ampliarse f\u00e1cilmente a medida que \u00e9sta crece.&#8221;][\/tm_grid][tm_spacer size=&#8221;lg:110&#8243;][\/vc_column][\/vc_row][vc_row full_width=&#8221;stretch_row&#8221; content_placement=&#8221;middle&#8221; background_color=&#8221;custom&#8221; background_size=&#8221;auto&#8221; custom_background_color=&#8221;#002fa6&#8243; background_image=&#8221;379&#8243; lg_spacing=&#8221;padding_top:128;padding_bottom:128&#8243; background_position=&#8221;top right&#8221; sm_spacing=&#8221;padding_top:100;padding_bottom:100&#8243;][vc_column width=&#8221;1\/2&#8243;][tm_heading style=&#8221;left-line&#8221; custom_google_font=&#8221;&#8221; text_color=&#8221;custom&#8221; custom_text_color=&#8221;#ffffff&#8221; max_width=&#8221;470px&#8221;]Para m\u00e1s informaci\u00f3n, p\u00f3ngase en contacto con nosotros a trav\u00e9s de nuestros canales.[\/tm_heading][tm_spacer size=&#8221;lg:12&#8243;][tm_heading tag=&#8221;div&#8221; custom_google_font=&#8221;&#8221; text_color=&#8221;custom&#8221; custom_text_color=&#8221;#ffffff&#8221; font_size=&#8221;lg:18&#8243; line_height=&#8221;1.67&#8243; css=&#8221;.vc_custom_1661348892140{margin-left: 34px !important;}&#8221;]Le responderemos en un par de horas. Y nunca m\u00e1s de 2 d\u00edas h\u00e1biles despu\u00e9s de recibir su Ticket.[\/tm_heading][tm_spacer size=&#8221;xs:40&#8243;][\/vc_column][vc_column width=&#8221;1\/2&#8243;][tm_icon icon_type=&#8221;fontawesome5&#8243; icon_fontawesome5=&#8221;fal fa-phone&#8221; align=&#8221;center&#8221; icon_color=&#8221;custom&#8221; custom_icon_color=&#8221;#ffffff&#8221; font_size=&#8221;lg:40&#8243;][tm_spacer size=&#8221;lg:16&#8243;][tm_heading style=&#8221;modern-02&#8243; custom_google_font=&#8221;&#8221; align=&#8221;center&#8221; text_color=&#8221;custom&#8221; custom_text_color=&#8221;rgba(255,255,255,0.8)&#8221;]\u00bfNECESITA AYUDA?[\/tm_heading][tm_spacer size=&#8221;lg:3&#8243;][tm_heading custom_google_font=&#8221;&#8221; align=&#8221;center&#8221; text_color=&#8221;secondary&#8221; hover_text_color=&#8221;secondary&#8221; font_size=&#8221;sm:36;md:42;lg:48&#8243; line_height=&#8221;1.17&#8243;]+351 21 347 72 73[\/tm_heading][tm_spacer size=&#8221;lg:26&#8243;][tm_button size=&#8221;custom&#8221; button=&#8221;url:https%3A%2F%2Fspidernet.pt%2Fsite%2Fes%2Fcontactos-es%2F|title:Cont%C3%A1ctenos&#8221; align=&#8221;center&#8221; color=&#8221;custom&#8221; button_bg_color=&#8221;custom&#8221; font_color=&#8221;primary&#8221; button_border_color=&#8221;custom&#8221; button_bg_color_hover=&#8221;secondary&#8221; font_color_hover=&#8221;custom&#8221; button_border_color_hover=&#8221;secondary&#8221; width=&#8221;230&#8243; custom_button_bg_color=&#8221;#ffffff&#8221; custom_button_border_color=&#8221;#ffffff&#8221; custom_font_color_hover=&#8221;#ffffff&#8221;][\/vc_column][\/vc_row][vc_row full_width=&#8221;stretch_row_content&#8221;][vc_column][tm_spacer size=&#8221;lg:90&#8243;][tm_grid align=&#8221;center&#8221; columns=&#8221;xs:1;lg:2&#8243; column_gutter=&#8221;lg:30&#8243; row_gutter=&#8221;lg:30&#8243; max_width=&#8221;lg:1230&#8243;][tm_box_icon style=&#8221;03&#8243; icon_type=&#8221;fontawesome5&#8243; icon_fontawesome5=&#8221;fal fa-life-ring&#8221; heading=&#8221;Garant\u00eda de Gesti\u00f3n TI&#8221; text=&#8221;Nuestra oferta de servicios proporciona a los clientes una experiencia \u00fanica de gesti\u00f3n TI garantizada de todo su parque inform\u00e1tico y sus activos.&#8221;][tm_box_icon style=&#8221;03&#8243; icon_type=&#8221;fontawesome5&#8243; icon_fontawesome5=&#8221;fal fa-lock-alt&#8221; heading=&#8221;Gesti\u00f3n y Seguridad de la informaci\u00f3n&#8221; text=&#8221;La seguridad de la informaci\u00f3n ha sido un problema creciente debido a una serie de esc\u00e1ndalos en grandes empresas. Qu\u00e9dese tranquilo, estamos aqu\u00ed.&#8221;][tm_box_icon style=&#8221;03&#8243; icon_type=&#8221;fontawesome5&#8243; icon_fontawesome5=&#8221;fal fa-globe&#8221; heading=&#8221;Tecnolog\u00eda de Integraci\u00f3n de Infraestructuras&#8221; text=&#8221;En Spidernet, adoptamos un enfoque hol\u00edstico e integrado de la modernizaci\u00f3n del n\u00facleo para experimentar la evoluci\u00f3n tecnol\u00f3gica.&#8221;][tm_box_icon style=&#8221;03&#8243; icon_type=&#8221;fontawesome5&#8243; icon_fontawesome5=&#8221;fal fa-medal&#8221; heading=&#8221;Equipos Altamente Profesionales&#8221; text=&#8221;Al haber obtenido un alto nivel de formaci\u00f3n en tecnolog\u00eda inform\u00e1tica, nuestros equipos se sienten c\u00f3modos para afrontar cualquier reto.&#8221; button=&#8221;|||&#8221;][\/tm_grid][tm_spacer size=&#8221;lg:74&#8243;][\/vc_column][\/vc_row]<\/p>\n","protected":false},"author":1,"featured_media":0,"parent":0,"menu_order":0,"comment_status":"closed","ping_status":"closed","template":"","meta":{"footnotes":""},"class_list":["post-3147","page","type-page","status-publish","hentry","post-no-thumbnail"],"_links":{"self":[{"href":"https:\/\/spidernet.pt\/site\/wp-json\/wp\/v2\/pages\/3147","targetHints":{"allow":["GET"]}}],"collection":[{"href":"https:\/\/spidernet.pt\/site\/wp-json\/wp\/v2\/pages"}],"about":[{"href":"https:\/\/spidernet.pt\/site\/wp-json\/wp\/v2\/types\/page"}],"author":[{"embeddable":true,"href":"https:\/\/spidernet.pt\/site\/wp-json\/wp\/v2\/users\/1"}],"replies":[{"embeddable":true,"href":"https:\/\/spidernet.pt\/site\/wp-json\/wp\/v2\/comments?post=3147"}],"version-history":[{"count":9,"href":"https:\/\/spidernet.pt\/site\/wp-json\/wp\/v2\/pages\/3147\/revisions"}],"predecessor-version":[{"id":3261,"href":"https:\/\/spidernet.pt\/site\/wp-json\/wp\/v2\/pages\/3147\/revisions\/3261"}],"wp:attachment":[{"href":"https:\/\/spidernet.pt\/site\/wp-json\/wp\/v2\/media?parent=3147"}],"curies":[{"name":"wp","href":"https:\/\/api.w.org\/{rel}","templated":true}]}}