{"id":3133,"date":"2022-08-22T11:50:08","date_gmt":"2022-08-22T11:50:08","guid":{"rendered":"https:\/\/spidernet.pt\/site\/?page_id=3133"},"modified":"2022-08-25T12:17:44","modified_gmt":"2022-08-25T12:17:44","slug":"nuestra-historia","status":"publish","type":"page","link":"https:\/\/spidernet.pt\/site\/es\/nuestra-historia\/","title":{"rendered":"Nuestra historia"},"content":{"rendered":"<p>[vc_row][vc_column][tm_spacer size=&#8221;sm:100;lg:113&#8243;][tm_heading tag=&#8221;h4&#8243; custom_google_font=&#8221;&#8221; align=&#8221;center&#8221; font_size=&#8221;sm:27;md:34;lg:40&#8243; line_height=&#8221;1.4&#8243;]<mark>Veinte a\u00f1os<\/mark> de crecimiento<br \/>\nLanzando una d\u00e9cada m\u00e1s de <mark>\u00e9xito<\/mark><br \/>\n[\/tm_heading][tm_spacer size=&#8221;lg:26&#8243;][tm_spacer size=&#8221;sm:50;lg:96&#8243;][tm_timeline items=&#8221;%5B%7B%22image%22%3A%22931%22%2C%22title%22%3A%22La%20Fundaci%C3%B3n%20de%20Spidernet%22%2C%22datetime%22%3A%222000%2F09%2F10%2011%3A11%22%2C%22text%22%3A%22Spidernet%20nace%20en%20la%20cima%20del%20cambio%20de%20milenio%2C%20preparada%20para%20responder%20al%20cambio%20de%20paradigma%20econ%C3%B3mico%20que%20supone%20lo%20digital%20y%20para%20ayudar%20a%20las%20empresas%20en%20esta%20transici%C3%B3n.%22%7D%2C%7B%22image%22%3A%22883%22%2C%22title%22%3A%22El%20punto%20de%20inflexi%C3%B3n%20de%20Spidernet%22%2C%22datetime%22%3A%222002%2F11%2F18%2009%3A00%22%2C%22text%22%3A%22Sobre%20la%20base%20de%20una%20s%C3%B3lida%20cartera%20de%20clientes%2C%20Spidernet%20ha%20desarrollado%20tres%20%C3%A1reas%20de%20negocio%20en%20las%20que%20ha%20comenzado%20a%20construir%20su%20reputaci%C3%B3n%20estrat%C3%A9gica%20como%20socio%20de%20crecimiento.%22%7D%2C%7B%22image%22%3A%22883%22%2C%22title%22%3A%22El%20Crecimiento%20Exponencial%20%22%2C%22datetime%22%3A%222011%2F07%2F18%2009%3A00%22%2C%22text%22%3A%22El%20cambio%20de%20d%C3%A9cada%20marc%C3%B3%20el%20inicio%20del%20crecimiento%20exponencial%20de%20Spidernet%2C%20que%20triplic%C3%B3%20el%20n%C3%BAmero%20de%20empleados%20y%20la%20facturaci%C3%B3n%2C%20adem%C3%A1s%20de%20la%20expansi%C3%B3n%20territorial%20en%20Portugal.%22%7D%2C%7B%22image%22%3A%22930%22%2C%22title%22%3A%22Soporte%20TI%20en%20la%20Pandemia%20Covid19%22%2C%22datetime%22%3A%222020%2F03%2F19%2009%3A00%22%2C%22text%22%3A%22Para%20responder%20a%20los%20retos%20provocados%20por%20la%20pandemia%20de%20Covid-19%2C%20Spidernet%20estren%C3%B3%20un%20nuevo%20modelo%20de%20Soporte%20TI%2C%20adapt%C3%A1ndose%20a%20las%20necesidades%20de%20sus%20clientes.%22%7D%5D&#8221;][tm_spacer size=&#8221;sm:100;lg:120&#8243;][\/vc_column][\/vc_row]<\/p>\n","protected":false},"excerpt":{"rendered":"<p>[vc_row][vc_column][tm_spacer size=&#8221;sm:100;lg:113&#8243;][tm_heading tag=&#8221;h4&#8243; custom_google_font=&#8221;&#8221; align=&#8221;center&#8221; font_size=&#8221;sm:27;md:34;lg:40&#8243; line_height=&#8221;1.4&#8243;]Veinte a\u00f1os de crecimiento Lanzando una d\u00e9cada m\u00e1s de \u00e9xito [\/tm_heading][tm_spacer size=&#8221;lg:26&#8243;][tm_spacer size=&#8221;sm:50;lg:96&#8243;][tm_timeline items=&#8221;%5B%7B%22image%22%3A%22931%22%2C%22title%22%3A%22La%20Fundaci%C3%B3n%20de%20Spidernet%22%2C%22datetime%22%3A%222000%2F09%2F10%2011%3A11%22%2C%22text%22%3A%22Spidernet%20nace%20en%20la%20cima%20del%20cambio%20de%20milenio%2C%20preparada%20para%20responder%20al%20cambio%20de%20paradigma%20econ%C3%B3mico%20que%20supone%20lo%20digital%20y%20para%20ayudar%20a%20las%20empresas%20en%20esta%20transici%C3%B3n.%22%7D%2C%7B%22image%22%3A%22883%22%2C%22title%22%3A%22El%20punto%20de%20inflexi%C3%B3n%20de%20Spidernet%22%2C%22datetime%22%3A%222002%2F11%2F18%2009%3A00%22%2C%22text%22%3A%22Sobre%20la%20base%20de%20una%20s%C3%B3lida%20cartera%20de%20clientes%2C%20Spidernet%20ha%20desarrollado%20tres%20%C3%A1reas%20de%20negocio%20en%20las%20que%20ha%20comenzado%20a%20construir%20su%20reputaci%C3%B3n%20estrat%C3%A9gica%20como%20socio%20de%20crecimiento.%22%7D%2C%7B%22image%22%3A%22883%22%2C%22title%22%3A%22El%20Crecimiento%20Exponencial%20%22%2C%22datetime%22%3A%222011%2F07%2F18%2009%3A00%22%2C%22text%22%3A%22El%20cambio%20de%20d%C3%A9cada%20marc%C3%B3%20el%20inicio%20del%20crecimiento%20exponencial%20de%20Spidernet%2C%20que%20triplic%C3%B3%20el%20n%C3%BAmero%20de%20empleados%20y%20la%20facturaci%C3%B3n%2C%20adem%C3%A1s%20de%20la%20expansi%C3%B3n%20territorial%20en%20Portugal.%22%7D%2C%7B%22image%22%3A%22930%22%2C%22title%22%3A%22Soporte%20TI%20en%20la%20Pandemia%20Covid19%22%2C%22datetime%22%3A%222020%2F03%2F19%2009%3A00%22%2C%22text%22%3A%22Para%20responder%20a%20los%20retos%20provocados%20por%20la%20pandemia%20de%20Covid-19%2C%20Spidernet%20estren%C3%B3%20un%20nuevo%20modelo%20de%20Soporte%20TI%2C%20adapt%C3%A1ndose%20a%20las%20necesidades%20de%20sus%20clientes.%22%7D%5D&#8221;][tm_spacer size=&#8221;sm:100;lg:120&#8243;][\/vc_column][\/vc_row]<\/p>\n","protected":false},"author":1,"featured_media":0,"parent":0,"menu_order":0,"comment_status":"closed","ping_status":"closed","template":"","meta":{"footnotes":""},"class_list":["post-3133","page","type-page","status-publish","hentry","post-no-thumbnail"],"_links":{"self":[{"href":"https:\/\/spidernet.pt\/site\/wp-json\/wp\/v2\/pages\/3133","targetHints":{"allow":["GET"]}}],"collection":[{"href":"https:\/\/spidernet.pt\/site\/wp-json\/wp\/v2\/pages"}],"about":[{"href":"https:\/\/spidernet.pt\/site\/wp-json\/wp\/v2\/types\/page"}],"author":[{"embeddable":true,"href":"https:\/\/spidernet.pt\/site\/wp-json\/wp\/v2\/users\/1"}],"replies":[{"embeddable":true,"href":"https:\/\/spidernet.pt\/site\/wp-json\/wp\/v2\/comments?post=3133"}],"version-history":[{"count":3,"href":"https:\/\/spidernet.pt\/site\/wp-json\/wp\/v2\/pages\/3133\/revisions"}],"predecessor-version":[{"id":3271,"href":"https:\/\/spidernet.pt\/site\/wp-json\/wp\/v2\/pages\/3133\/revisions\/3271"}],"wp:attachment":[{"href":"https:\/\/spidernet.pt\/site\/wp-json\/wp\/v2\/media?parent=3133"}],"curies":[{"name":"wp","href":"https:\/\/api.w.org\/{rel}","templated":true}]}}