{"id":3129,"date":"2022-08-22T11:47:08","date_gmt":"2022-08-22T11:47:08","guid":{"rendered":"https:\/\/spidernet.pt\/site\/?page_id=3129"},"modified":"2022-08-25T12:26:47","modified_gmt":"2022-08-25T12:26:47","slug":"sobre-nosotros","status":"publish","type":"page","link":"https:\/\/spidernet.pt\/site\/es\/sobre-nosotros\/","title":{"rendered":"Sobre Nosotros"},"content":{"rendered":"<p>[vc_row full_width=&#8221;stretch_row&#8221; background_image=&#8221;2531&#8243; background_position=&#8221;center&#8221;][vc_column][tm_spacer size=&#8221;sm:150;lg:192&#8243;][tm_heading tag=&#8221;h4&#8243; custom_google_font=&#8221;&#8221; align=&#8221;center&#8221; text_color=&#8221;custom&#8221; custom_text_color=&#8221;#ffffff&#8221; font_size=&#8221;xs:34;sm:44;md:54;lg:64&#8243; line_height=&#8221;1.13&#8243;]Sobre Spidernet[\/tm_heading][tm_spacer size=&#8221;lg:21&#8243;][tm_heading tag=&#8221;div&#8221; custom_google_font=&#8221;&#8221; font_weight=&#8221;500&#8243; align=&#8221;center&#8221; text_color=&#8221;custom&#8221; custom_text_color=&#8221;#ffffff&#8221; font_size=&#8221;sm:18;md:21;lg:24&#8243; line_height=&#8221;1.67&#8243; max_width=&#8221;740px&#8221;]Spidernet es una empresa de prestaci\u00f3n de servicios inform\u00e1ticos y de nuevas tecnolog\u00edas.[\/tm_heading][tm_spacer size=&#8221;sm:120;lg:165&#8243;][\/vc_column][\/vc_row][vc_row][vc_column][tm_spacer size=&#8221;lg:118&#8243;][tm_heading style=&#8221;modern&#8221; tag=&#8221;h6&#8243; custom_google_font=&#8221;&#8221; align=&#8221;center&#8221; text_color=&#8221;custom&#8221; custom_text_color=&#8221;#ababab&#8221;]Nuestra empresa[\/tm_heading][tm_spacer size=&#8221;lg:23&#8243;][tm_heading custom_google_font=&#8221;&#8221; align=&#8221;center&#8221; font_size=&#8221;sm:28;md:34;lg:40&#8243; line_height=&#8221;1.4&#8243; max_width=&#8221;600px&#8221;]Realizamos todo tipo de servicios inform\u00e1ticos que garanticen su <mark>\u00e9xito<\/mark>[\/tm_heading][tm_spacer size=&#8221;lg:70&#8243;][vc_row_inner][vc_column_inner offset=&#8221;vc_col-md-offset-1 vc_col-md-4&#8243;][tm_heading style=&#8221;modern-number-01&#8243; custom_google_font=&#8221;&#8221; max_width=&#8221;330px&#8221;]<mark>21<\/mark>A\u00f1os de Experiencia en TI[\/tm_heading][tm_spacer size=&#8221;lg:24&#8243;][tm_heading tag=&#8221;h4&#8243; custom_google_font=&#8221;&#8221; font_size=&#8221;lg:20&#8243;]Llenos de pasi\u00f3n por lo que hacemos[\/tm_heading][tm_spacer size=&#8221;sm:30&#8243;][\/vc_column_inner][vc_column_inner offset=&#8221;vc_col-md-offset-1 vc_col-md-5&#8243;][tm_heading tag=&#8221;div&#8221; custom_google_font=&#8221;&#8221; font_size=&#8221;lg:18&#8243; line_height=&#8221;1.67&#8243;]Especialistas en seguridad de la informaci\u00f3n, protecci\u00f3n de sistemas, optimizaci\u00f3n de redes y gesti\u00f3n de datos, somos vers\u00e1tiles y decididos. Tenemos todo lo que otros tienen -buenos profesionales, servicio r\u00e1pido y eficaz, precios competitivos- pero a\u00f1adimos a esto la energ\u00eda motriz capaz de diferenciar nuestro servicio. Esto es lo que ofrecemos y que nos diferencia.[\/tm_heading][tm_spacer size=&#8221;lg:23&#8243;][tm_button style=&#8221;text&#8221; button=&#8221;url:https%3A%2F%2Fspidernet.pt%2Fsite%2Fes%2Fnuestra-historia%2F|title:Nuestra%20historia&#8221; icon_type=&#8221;fontawesome5&#8243; icon_fontawesome5=&#8221;far fa-long-arrow-right&#8221; color=&#8221;custom&#8221; font_color=&#8221;primary&#8221; font_color_hover=&#8221;secondary&#8221;][\/vc_column_inner][\/vc_row_inner][\/vc_column][\/vc_row][vc_row full_width=&#8221;stretch_row&#8221;][vc_column][tm_spacer size=&#8221;lg:106&#8243;][tm_grid centered_items=&#8221;1&#8243; equal_height=&#8221;1&#8243; columns=&#8221;xs:1;sm:1;lg:3&#8243; column_gutter=&#8221;lg:30&#8243; row_gutter=&#8221;lg:30&#8243; item_max_width=&#8221;lg:370&#8243;][tm_box_image style=&#8221;06&#8243; align=&#8221;center&#8221; box_link=&#8221;url:https%3A%2F%2Fspidernet.pt%2Fsite%2Fes%2Fcontactos-es%2F|title:Cont%C3%A1ctenos&#8221; heading=&#8221;\u00bfQu\u00e9 podemos hacer?&#8221; text=&#8221;Analizamos intensamente las necesidades de su empresa para encontrar las mejores soluciones disponibles.&#8221; button=&#8221;url:https%3A%2F%2Fspidernet.pt%2Fsite%2Fes%2Fcontactos-es%2F|title:cont%C3%A1ctenos&#8221; image=&#8221;1068&#8243;][tm_box_image style=&#8221;06&#8243; align=&#8221;center&#8221; box_link=&#8221;url:https%3A%2F%2Fspidernet.pt%2Fsite%2Fes%2Fcontactos-es%2F|title:Cont%C3%A1ctenos&#8221; heading=&#8221;\u00bfQuiere ser nuestro socio?&#8221; text=&#8221;Nuestro enfoque preventivo y progresivo le ayudar\u00e1 a hacer frente a las posibles amenazas en la gesti\u00f3n de sus datos&#8221; button=&#8221;url:https%3A%2F%2Fspidernet.pt%2Fsite%2Fes%2Fcontactos-es%2F|title:Cont%C3%A1ctenos&#8221; image=&#8221;1067&#8243;][tm_box_image style=&#8221;06&#8243; align=&#8221;center&#8221; box_link=&#8221;url:https%3A%2F%2Fspidernet.pt%2Fsite%2Fes%2Fcontactos-es%2F|title:Cont%C3%A1ctenos&#8221; heading=&#8221;\u00bfNecesita una mano?&#8221; text=&#8221;Nuestro equipo de soporte estar\u00e1 siempre bien preparado para ayudarle a resolver cualquiera de sus principales problemas&#8221; button=&#8221;url:https%3A%2F%2Fspidernet.pt%2Fsite%2Fes%2Fcontactos-es%2F|title:Cont%C3%A1ctenos&#8221; image=&#8221;1066&#8243;][\/tm_grid][tm_spacer size=&#8221;lg:70&#8243;][\/vc_column][\/vc_row][vc_row full_width=&#8221;stretch_row_content&#8221; content_placement=&#8221;middle&#8221; background_color=&#8221;custom&#8221; background_size=&#8221;auto&#8221; lg_spacing=&#8221;padding_top:40;padding_bottom:40&#8243; custom_background_color=&#8221;#f8f8f8&#8243; background_image=&#8221;725&#8243; background_position=&#8221;center right 40px&#8221; sm_spacing=&#8221;padding_top:100;padding_bottom:100&#8243;][vc_column offset=&#8221;vc_col-md-6&#8243; order=&#8221;sm:3&#8243;][vc_row_inner content_alignment=&#8221;right&#8221; sm_content_alignment=&#8221;center&#8221; max_width=&#8221;600px&#8221;][vc_column_inner][tm_spacer size=&#8221;lg:25&#8243;][tm_heading tag=&#8221;h4&#8243; custom_google_font=&#8221;&#8221; sm_align=&#8221;center&#8221; font_size=&#8221;sm:28;md:34;lg:40&#8243; line_height=&#8221;1.4&#8243;]Estamos en el mercado TI<br \/>\n<mark>desde el a\u00f1o 2000<\/mark>[\/tm_heading][tm_spacer size=&#8221;lg:40&#8243;][tm_heading style=&#8221;modern&#8221; custom_google_font=&#8221;&#8221; sm_align=&#8221;center&#8221; text_color=&#8221;custom&#8221; custom_text_color=&#8221;#ababab&#8221;] Lo que nos distingue es nuestra capacidad de trabajo y la adaptaci\u00f3n de las soluciones a la actividad del cliente. Conocemos el software, dominamos las tecnolog\u00edas de intercambio de informaci\u00f3n, nuevas y antiguas, entendemos la arquitectura de redes y la ingenier\u00eda esencial para el \u00e9xito de los proyectos.[\/tm_heading][tm_spacer size=&#8221;lg:40&#8243;][\/vc_column_inner][\/vc_row_inner][\/vc_column][vc_column offset=&#8221;vc_col-md-6&#8243;][tm_image align=&#8221;center&#8221; image=&#8221;2621&#8243;][tm_spacer size=&#8221;sm:30&#8243;][\/vc_column][\/vc_row][vc_row][vc_column][tm_spacer size=&#8221;sm:100;lg:120&#8243;][tm_heading tag=&#8221;h4&#8243; custom_google_font=&#8221;&#8221; align=&#8221;center&#8221; font_size=&#8221;sm:28;md:34;lg:40&#8243; line_height=&#8221;1.4&#8243; max_width=&#8221;570px&#8221;]Nos distinguimos por ofrecer soluciones ideales[\/tm_heading][tm_spacer size=&#8221;lg:84&#8243;][tm_list list_style=&#8221;check-02&#8243; marker_color=&#8221;secondary&#8221; title_color=&#8221;primary&#8221; columns=&#8221;xs:1;lg:2&#8243; items=&#8221;%5B%7B%22item_title%22%3A%22Garant%C3%ADa%20de%20Gesti%C3%B3n%20de%20TI%22%2C%22item_desc%22%3A%22Nuestras%20ofertas%20de%20servicio%20proporcionan%20al%20cliente%20una%20experiencia%20de%20gesti%C3%B3n%20de%20la%20garant%C3%ADa%20muy%20funcional.%22%7D%2C%7B%22item_title%22%3A%22Ingenier%C3%ADa%20de%20Productos%20y%20Servicios%22%2C%22link%22%3A%22%7C%7C%7C%22%2C%22item_desc%22%3A%22Desarrollar%20y%2Fo%20proponer%20mejoras%20del%20producto%20mediante%20pruebas%20peri%C3%B3dicas%20y%20precisas%2C%20reparando%20y%20perfeccionando%20cada%20versi%C3%B3n.%22%7D%2C%7B%22item_title%22%3A%22Sistema%20de%20Control%20de%20Calidad%22%2C%22item_desc%22%3A%22Es%20m%C3%A1s%20que%20una%20responsabilidad%2C%20es%20una%20garant%C3%ADa%20de%20nuestra%20parte%2C%20para%20ganar%20la%20confianza%20del%20cliente%20con%20un%20sistema%20de%20control%20de%20calidad%20altamente%20confiable.%22%7D%2C%7B%22item_title%22%3A%22Tecnolog%C3%ADa%20de%20Integraci%C3%B3n%20de%20Infraestructuras%22%2C%22link%22%3A%22%7C%7C%7C%22%2C%22item_desc%22%3A%22En%20Spidernet%2C%20adoptamos%20un%20enfoque%20hol%C3%ADstico%20e%20integrado%20de%20la%20modernizaci%C3%B3n%20del%20n%C3%BAcleo%20para%20experimentar%20la%20evoluci%C3%B3n%20tecnol%C3%B3gica.%22%7D%2C%7B%22item_title%22%3A%22Equipos%20Altamente%20Profesionales%22%2C%22item_desc%22%3A%22Al%20haber%20obtenido%20un%20alto%20nivel%20de%20formaci%C3%B3n%20en%20tecnolog%C3%ADa%20inform%C3%A1tica%2C%20nuestros%20equipos%20se%20sienten%20c%C3%B3modos%20para%20afrontar%20cualquier%20reto.%22%7D%2C%7B%22item_title%22%3A%22Gesti%C3%B3n%20y%20Seguridad%20de%20la%20Informaci%C3%B3n%22%2C%22item_desc%22%3A%22La%20seguridad%20de%20la%20informaci%C3%B3n%20ha%20sido%20un%20problema%20creciente%20debido%20a%20una%20serie%20de%20esc%C3%A1ndalos%20en%20grandes%20empresas.%20Qu%C3%A9dese%20tranquilo%2C%20estamos%20aqu%C3%AD.%22%7D%5D&#8221;][tm_spacer size=&#8221;lg:80&#8243;][\/vc_column][\/vc_row]<\/p>\n","protected":false},"excerpt":{"rendered":"<p>[vc_row full_width=&#8221;stretch_row&#8221; background_image=&#8221;2531&#8243; background_position=&#8221;center&#8221;][vc_column][tm_spacer size=&#8221;sm:150;lg:192&#8243;][tm_heading tag=&#8221;h4&#8243; custom_google_font=&#8221;&#8221; align=&#8221;center&#8221; text_color=&#8221;custom&#8221; custom_text_color=&#8221;#ffffff&#8221; font_size=&#8221;xs:34;sm:44;md:54;lg:64&#8243; line_height=&#8221;1.13&#8243;]Sobre Spidernet[\/tm_heading][tm_spacer size=&#8221;lg:21&#8243;][tm_heading tag=&#8221;div&#8221; custom_google_font=&#8221;&#8221; font_weight=&#8221;500&#8243; align=&#8221;center&#8221; text_color=&#8221;custom&#8221; custom_text_color=&#8221;#ffffff&#8221; font_size=&#8221;sm:18;md:21;lg:24&#8243; line_height=&#8221;1.67&#8243; max_width=&#8221;740px&#8221;]Spidernet es una empresa de prestaci\u00f3n de servicios inform\u00e1ticos y de nuevas tecnolog\u00edas.[\/tm_heading][tm_spacer size=&#8221;sm:120;lg:165&#8243;][\/vc_column][\/vc_row][vc_row][vc_column][tm_spacer size=&#8221;lg:118&#8243;][tm_heading style=&#8221;modern&#8221; tag=&#8221;h6&#8243; custom_google_font=&#8221;&#8221; align=&#8221;center&#8221; text_color=&#8221;custom&#8221; custom_text_color=&#8221;#ababab&#8221;]Nuestra empresa[\/tm_heading][tm_spacer size=&#8221;lg:23&#8243;][tm_heading custom_google_font=&#8221;&#8221; align=&#8221;center&#8221; font_size=&#8221;sm:28;md:34;lg:40&#8243; line_height=&#8221;1.4&#8243; max_width=&#8221;600px&#8221;]Realizamos todo tipo de servicios inform\u00e1ticos que garanticen su \u00e9xito[\/tm_heading][tm_spacer size=&#8221;lg:70&#8243;][vc_row_inner][vc_column_inner offset=&#8221;vc_col-md-offset-1 vc_col-md-4&#8243;][tm_heading style=&#8221;modern-number-01&#8243; custom_google_font=&#8221;&#8221; max_width=&#8221;330px&#8221;]21A\u00f1os de Experiencia en TI[\/tm_heading][tm_spacer size=&#8221;lg:24&#8243;][tm_heading tag=&#8221;h4&#8243; custom_google_font=&#8221;&#8221; font_size=&#8221;lg:20&#8243;]Llenos de pasi\u00f3n por lo que hacemos[\/tm_heading][tm_spacer size=&#8221;sm:30&#8243;][\/vc_column_inner][vc_column_inner offset=&#8221;vc_col-md-offset-1 vc_col-md-5&#8243;][tm_heading tag=&#8221;div&#8221; custom_google_font=&#8221;&#8221; font_size=&#8221;lg:18&#8243; line_height=&#8221;1.67&#8243;]Especialistas en seguridad de la informaci\u00f3n, protecci\u00f3n de sistemas, optimizaci\u00f3n de redes y gesti\u00f3n de datos, somos vers\u00e1tiles y decididos. Tenemos todo lo que otros tienen -buenos profesionales, servicio r\u00e1pido y eficaz, precios competitivos- pero a\u00f1adimos a esto la energ\u00eda motriz capaz de diferenciar nuestro servicio. Esto es lo que ofrecemos y que nos diferencia.[\/tm_heading][tm_spacer size=&#8221;lg:23&#8243;][tm_button style=&#8221;text&#8221; button=&#8221;url:https%3A%2F%2Fspidernet.pt%2Fsite%2Fes%2Fnuestra-historia%2F|title:Nuestra%20historia&#8221; icon_type=&#8221;fontawesome5&#8243; icon_fontawesome5=&#8221;far fa-long-arrow-right&#8221; color=&#8221;custom&#8221; font_color=&#8221;primary&#8221; font_color_hover=&#8221;secondary&#8221;][\/vc_column_inner][\/vc_row_inner][\/vc_column][\/vc_row][vc_row full_width=&#8221;stretch_row&#8221;][vc_column][tm_spacer size=&#8221;lg:106&#8243;][tm_grid centered_items=&#8221;1&#8243; equal_height=&#8221;1&#8243; columns=&#8221;xs:1;sm:1;lg:3&#8243; column_gutter=&#8221;lg:30&#8243; row_gutter=&#8221;lg:30&#8243; item_max_width=&#8221;lg:370&#8243;][tm_box_image style=&#8221;06&#8243; align=&#8221;center&#8221; box_link=&#8221;url:https%3A%2F%2Fspidernet.pt%2Fsite%2Fes%2Fcontactos-es%2F|title:Cont%C3%A1ctenos&#8221; heading=&#8221;\u00bfQu\u00e9 podemos hacer?&#8221; text=&#8221;Analizamos intensamente las necesidades de su empresa para encontrar las mejores soluciones disponibles.&#8221; button=&#8221;url:https%3A%2F%2Fspidernet.pt%2Fsite%2Fes%2Fcontactos-es%2F|title:cont%C3%A1ctenos&#8221; image=&#8221;1068&#8243;][tm_box_image style=&#8221;06&#8243; align=&#8221;center&#8221; box_link=&#8221;url:https%3A%2F%2Fspidernet.pt%2Fsite%2Fes%2Fcontactos-es%2F|title:Cont%C3%A1ctenos&#8221; heading=&#8221;\u00bfQuiere ser nuestro socio?&#8221; text=&#8221;Nuestro enfoque preventivo y progresivo le ayudar\u00e1 a hacer frente a las posibles amenazas en la gesti\u00f3n de sus datos&#8221; button=&#8221;url:https%3A%2F%2Fspidernet.pt%2Fsite%2Fes%2Fcontactos-es%2F|title:Cont%C3%A1ctenos&#8221; image=&#8221;1067&#8243;][tm_box_image style=&#8221;06&#8243; align=&#8221;center&#8221; box_link=&#8221;url:https%3A%2F%2Fspidernet.pt%2Fsite%2Fes%2Fcontactos-es%2F|title:Cont%C3%A1ctenos&#8221; heading=&#8221;\u00bfNecesita una mano?&#8221; text=&#8221;Nuestro equipo de soporte estar\u00e1 siempre bien preparado para ayudarle a resolver cualquiera de sus principales problemas&#8221; button=&#8221;url:https%3A%2F%2Fspidernet.pt%2Fsite%2Fes%2Fcontactos-es%2F|title:Cont%C3%A1ctenos&#8221; image=&#8221;1066&#8243;][\/tm_grid][tm_spacer size=&#8221;lg:70&#8243;][\/vc_column][\/vc_row][vc_row full_width=&#8221;stretch_row_content&#8221; content_placement=&#8221;middle&#8221; background_color=&#8221;custom&#8221; background_size=&#8221;auto&#8221; lg_spacing=&#8221;padding_top:40;padding_bottom:40&#8243; custom_background_color=&#8221;#f8f8f8&#8243; background_image=&#8221;725&#8243; background_position=&#8221;center right 40px&#8221; sm_spacing=&#8221;padding_top:100;padding_bottom:100&#8243;][vc_column offset=&#8221;vc_col-md-6&#8243; order=&#8221;sm:3&#8243;][vc_row_inner content_alignment=&#8221;right&#8221; sm_content_alignment=&#8221;center&#8221; max_width=&#8221;600px&#8221;][vc_column_inner][tm_spacer size=&#8221;lg:25&#8243;][tm_heading tag=&#8221;h4&#8243; custom_google_font=&#8221;&#8221; sm_align=&#8221;center&#8221; font_size=&#8221;sm:28;md:34;lg:40&#8243; line_height=&#8221;1.4&#8243;]Estamos en el mercado TI desde el a\u00f1o 2000[\/tm_heading][tm_spacer size=&#8221;lg:40&#8243;][tm_heading style=&#8221;modern&#8221; custom_google_font=&#8221;&#8221; sm_align=&#8221;center&#8221; text_color=&#8221;custom&#8221; custom_text_color=&#8221;#ababab&#8221;] Lo que nos distingue es nuestra capacidad de trabajo y la adaptaci\u00f3n de las soluciones a la actividad del cliente. Conocemos el software, dominamos las tecnolog\u00edas de intercambio de informaci\u00f3n, nuevas y antiguas, entendemos la arquitectura de redes y la ingenier\u00eda esencial para el \u00e9xito de los proyectos.[\/tm_heading][tm_spacer size=&#8221;lg:40&#8243;][\/vc_column_inner][\/vc_row_inner][\/vc_column][vc_column offset=&#8221;vc_col-md-6&#8243;][tm_image align=&#8221;center&#8221; image=&#8221;2621&#8243;][tm_spacer size=&#8221;sm:30&#8243;][\/vc_column][\/vc_row][vc_row][vc_column][tm_spacer size=&#8221;sm:100;lg:120&#8243;][tm_heading tag=&#8221;h4&#8243; custom_google_font=&#8221;&#8221; align=&#8221;center&#8221; font_size=&#8221;sm:28;md:34;lg:40&#8243; line_height=&#8221;1.4&#8243; max_width=&#8221;570px&#8221;]Nos distinguimos por ofrecer soluciones ideales[\/tm_heading][tm_spacer size=&#8221;lg:84&#8243;][tm_list list_style=&#8221;check-02&#8243; marker_color=&#8221;secondary&#8221; title_color=&#8221;primary&#8221; columns=&#8221;xs:1;lg:2&#8243; items=&#8221;%5B%7B%22item_title%22%3A%22Garant%C3%ADa%20de%20Gesti%C3%B3n%20de%20TI%22%2C%22item_desc%22%3A%22Nuestras%20ofertas%20de%20servicio%20proporcionan%20al%20cliente%20una%20experiencia%20de%20gesti%C3%B3n%20de%20la%20garant%C3%ADa%20muy%20funcional.%22%7D%2C%7B%22item_title%22%3A%22Ingenier%C3%ADa%20de%20Productos%20y%20Servicios%22%2C%22link%22%3A%22%7C%7C%7C%22%2C%22item_desc%22%3A%22Desarrollar%20y%2Fo%20proponer%20mejoras%20del%20producto%20mediante%20pruebas%20peri%C3%B3dicas%20y%20precisas%2C%20reparando%20y%20perfeccionando%20cada%20versi%C3%B3n.%22%7D%2C%7B%22item_title%22%3A%22Sistema%20de%20Control%20de%20Calidad%22%2C%22item_desc%22%3A%22Es%20m%C3%A1s%20que%20una%20responsabilidad%2C%20es%20una%20garant%C3%ADa%20de%20nuestra%20parte%2C%20para%20ganar%20la%20confianza%20del%20cliente%20con%20un%20sistema%20de%20control%20de%20calidad%20altamente%20confiable.%22%7D%2C%7B%22item_title%22%3A%22Tecnolog%C3%ADa%20de%20Integraci%C3%B3n%20de%20Infraestructuras%22%2C%22link%22%3A%22%7C%7C%7C%22%2C%22item_desc%22%3A%22En%20Spidernet%2C%20adoptamos%20un%20enfoque%20hol%C3%ADstico%20e%20integrado%20de%20la%20modernizaci%C3%B3n%20del%20n%C3%BAcleo%20para%20experimentar%20la%20evoluci%C3%B3n%20tecnol%C3%B3gica.%22%7D%2C%7B%22item_title%22%3A%22Equipos%20Altamente%20Profesionales%22%2C%22item_desc%22%3A%22Al%20haber%20obtenido%20un%20alto%20nivel%20de%20formaci%C3%B3n%20en%20tecnolog%C3%ADa%20inform%C3%A1tica%2C%20nuestros%20equipos%20se%20sienten%20c%C3%B3modos%20para%20afrontar%20cualquier%20reto.%22%7D%2C%7B%22item_title%22%3A%22Gesti%C3%B3n%20y%20Seguridad%20de%20la%20Informaci%C3%B3n%22%2C%22item_desc%22%3A%22La%20seguridad%20de%20la%20informaci%C3%B3n%20ha%20sido%20un%20problema%20creciente%20debido%20a%20una%20serie%20de%20esc%C3%A1ndalos%20en%20grandes%20empresas.%20Qu%C3%A9dese%20tranquilo%2C%20estamos%20aqu%C3%AD.%22%7D%5D&#8221;][tm_spacer size=&#8221;lg:80&#8243;][\/vc_column][\/vc_row]<\/p>\n","protected":false},"author":1,"featured_media":0,"parent":0,"menu_order":0,"comment_status":"closed","ping_status":"closed","template":"","meta":{"footnotes":""},"class_list":["post-3129","page","type-page","status-publish","hentry","post-no-thumbnail"],"_links":{"self":[{"href":"https:\/\/spidernet.pt\/site\/wp-json\/wp\/v2\/pages\/3129","targetHints":{"allow":["GET"]}}],"collection":[{"href":"https:\/\/spidernet.pt\/site\/wp-json\/wp\/v2\/pages"}],"about":[{"href":"https:\/\/spidernet.pt\/site\/wp-json\/wp\/v2\/types\/page"}],"author":[{"embeddable":true,"href":"https:\/\/spidernet.pt\/site\/wp-json\/wp\/v2\/users\/1"}],"replies":[{"embeddable":true,"href":"https:\/\/spidernet.pt\/site\/wp-json\/wp\/v2\/comments?post=3129"}],"version-history":[{"count":8,"href":"https:\/\/spidernet.pt\/site\/wp-json\/wp\/v2\/pages\/3129\/revisions"}],"predecessor-version":[{"id":3291,"href":"https:\/\/spidernet.pt\/site\/wp-json\/wp\/v2\/pages\/3129\/revisions\/3291"}],"wp:attachment":[{"href":"https:\/\/spidernet.pt\/site\/wp-json\/wp\/v2\/media?parent=3129"}],"curies":[{"name":"wp","href":"https:\/\/api.w.org\/{rel}","templated":true}]}}