{"id":3128,"date":"2022-08-22T11:47:03","date_gmt":"2022-08-22T11:47:03","guid":{"rendered":"https:\/\/spidernet.pt\/site\/?page_id=3128"},"modified":"2022-08-26T12:18:40","modified_gmt":"2022-08-26T12:18:40","slug":"sobre-nos-en","status":"publish","type":"page","link":"https:\/\/spidernet.pt\/site\/en\/sobre-nos-en\/","title":{"rendered":"About Us"},"content":{"rendered":"<p>[vc_row full_width=&#8221;stretch_row&#8221; background_image=&#8221;2531&#8243; background_position=&#8221;center&#8221;][vc_column][tm_spacer size=&#8221;sm:150;lg:192&#8243;][tm_heading tag=&#8221;h4&#8243; custom_google_font=&#8221;&#8221; align=&#8221;center&#8221; text_color=&#8221;custom&#8221; custom_text_color=&#8221;#ffffff&#8221; font_size=&#8221;xs:34;sm:44;md:54;lg:64&#8243; line_height=&#8221;1.13&#8243;]About Spidernet[\/tm_heading][tm_spacer size=&#8221;lg:21&#8243;][tm_heading tag=&#8221;div&#8221; custom_google_font=&#8221;&#8221; font_weight=&#8221;500&#8243; align=&#8221;center&#8221; text_color=&#8221;custom&#8221; custom_text_color=&#8221;#ffffff&#8221; font_size=&#8221;sm:18;md:21;lg:24&#8243; line_height=&#8221;1.67&#8243; max_width=&#8221;740px&#8221;]Spidernet is a company that provides services in the area of computing and new technologies. [\/tm_heading][tm_spacer size=&#8221;sm:120;lg:165&#8243;][\/vc_column][\/vc_row][vc_row][vc_column][tm_spacer size=&#8221;lg:118&#8243;][tm_heading style=&#8221;modern&#8221; tag=&#8221;h6&#8243; custom_google_font=&#8221;&#8221; align=&#8221;center&#8221; text_color=&#8221;custom&#8221; custom_text_color=&#8221;#ababab&#8221;]Our company[\/tm_heading][tm_spacer size=&#8221;lg:23&#8243;][tm_heading custom_google_font=&#8221;&#8221; align=&#8221;center&#8221; font_size=&#8221;sm:28;md:34;lg:40&#8243; line_height=&#8221;1.4&#8243; max_width=&#8221;600px&#8221;]We perform all types of IT services that ensure your <mark>success<\/mark>[\/tm_heading][tm_spacer size=&#8221;lg:70&#8243;][vc_row_inner][vc_column_inner offset=&#8221;vc_col-md-offset-1 vc_col-md-4&#8243;][tm_heading style=&#8221;modern-number-01&#8243; custom_google_font=&#8221;&#8221; max_width=&#8221;330px&#8221;]<mark>21<\/mark>Years of experience in IT[\/tm_heading][tm_spacer size=&#8221;lg:24&#8243;][tm_heading tag=&#8221;h4&#8243; custom_google_font=&#8221;&#8221; font_size=&#8221;lg:20&#8243;]Filled with passion for what we do[\/tm_heading][tm_spacer size=&#8221;sm:30&#8243;][\/vc_column_inner][vc_column_inner offset=&#8221;vc_col-md-offset-1 vc_col-md-5&#8243;][tm_heading tag=&#8221;div&#8221; custom_google_font=&#8221;&#8221; font_size=&#8221;lg:18&#8243; line_height=&#8221;1.67&#8243;]Specialists in information security, system protection, network optimisation and data management, we are versatile and determined. We have everything that some others have &#8211; good professionals, fast and efficient service, competitive prices &#8211; but we add to this the driving energy capable of differentiating our service. That is the asset we have to offer that sets us apart.[\/tm_heading][tm_spacer size=&#8221;lg:23&#8243;][tm_button style=&#8221;text&#8221; button=&#8221;url:https%3A%2F%2Fspidernet.pt%2Fsite%2Fen%2Four-history-2%2F|title:Our%20history&#8221; icon_type=&#8221;fontawesome5&#8243; icon_fontawesome5=&#8221;far fa-long-arrow-right&#8221; color=&#8221;custom&#8221; font_color=&#8221;primary&#8221; font_color_hover=&#8221;secondary&#8221;][\/vc_column_inner][\/vc_row_inner][\/vc_column][\/vc_row][vc_row full_width=&#8221;stretch_row&#8221;][vc_column][tm_spacer size=&#8221;lg:106&#8243;][tm_grid centered_items=&#8221;1&#8243; equal_height=&#8221;1&#8243; columns=&#8221;xs:1;sm:1;lg:3&#8243; column_gutter=&#8221;lg:30&#8243; row_gutter=&#8221;lg:30&#8243; item_max_width=&#8221;lg:370&#8243;][tm_box_image style=&#8221;06&#8243; align=&#8221;center&#8221; box_link=&#8221;url:https%3A%2F%2Fspidernet.pt%2Fsite%2Fen%2Fcontact%2F|title:Contact%20us&#8221; heading=&#8221;What can we do?&#8221; text=&#8221;We intensively analyse your business needs in order to find the best solutions available.&#8221; button=&#8221;url:https%3A%2F%2Fspidernet.pt%2Fsite%2Fen%2Fcontact%2F|title:Contact%20us&#8221; image=&#8221;1068&#8243;][tm_box_image style=&#8221;06&#8243; align=&#8221;center&#8221; box_link=&#8221;url:https%3A%2F%2Fspidernet.pt%2Fsite%2Fcontacts%2F|title:Contacte-nos&#8221; heading=&#8221;Quer ser nosso parceiro?&#8221; text=&#8221;A nossa abordagem preventiva e progressiva ir\u00e1 ajud\u00e1-lo a lidar com poss\u00edveis amea\u00e7as na gest\u00e3o dos seus dados&#8221; button=&#8221;url:https%3A%2F%2Fspidernet.pt%2Fsite%2Fcontacts%2F|title:Contacte-nos&#8221; image=&#8221;1067&#8243;][tm_box_image style=&#8221;06&#8243; align=&#8221;center&#8221; box_link=&#8221;url:https%3A%2F%2Fspidernet.pt%2Fsite%2Fcontacts%2F|title:Contacte-nos&#8221; heading=&#8221;Precisa de uma ajuda?&#8221; text=&#8221;A nossa equipa de suporte estar\u00e1 sempre bem preparada para o ajudar a resolver qualquer um dos seus maiores problemas&#8221; button=&#8221;url:https%3A%2F%2Fspidernet.pt%2Fsite%2Fcontacts%2F|title:Contacte-nos&#8221; image=&#8221;1066&#8243;][\/tm_grid][tm_spacer size=&#8221;lg:70&#8243;][\/vc_column][\/vc_row][vc_row full_width=&#8221;stretch_row_content&#8221; content_placement=&#8221;middle&#8221; background_color=&#8221;custom&#8221; background_size=&#8221;auto&#8221; lg_spacing=&#8221;padding_top:40;padding_bottom:40&#8243; custom_background_color=&#8221;#f8f8f8&#8243; background_image=&#8221;725&#8243; background_position=&#8221;center right 40px&#8221; sm_spacing=&#8221;padding_top:100;padding_bottom:100&#8243;][vc_column offset=&#8221;vc_col-md-6&#8243; order=&#8221;sm:3&#8243;][vc_row_inner content_alignment=&#8221;right&#8221; sm_content_alignment=&#8221;center&#8221; max_width=&#8221;600px&#8221;][vc_column_inner][tm_spacer size=&#8221;lg:25&#8243;][tm_heading tag=&#8221;h4&#8243; custom_google_font=&#8221;&#8221; sm_align=&#8221;center&#8221; font_size=&#8221;sm:28;md:34;lg:40&#8243; line_height=&#8221;1.4&#8243;]We have been in the IT market<br \/>\n<mark>since the year 2000<\/mark>[\/tm_heading][tm_spacer size=&#8221;lg:40&#8243;][tm_heading style=&#8221;modern&#8221; custom_google_font=&#8221;&#8221; sm_align=&#8221;center&#8221; text_color=&#8221;custom&#8221; custom_text_color=&#8221;#ababab&#8221;] What distinguishes us is our working capacity and the adaptation of our solutions to the client&#8217;s activity. We know the software, we master the information sharing technologies, new and old, we understand network architecture and the essential engineering for successful projects.[\/tm_heading][tm_spacer size=&#8221;lg:40&#8243;][\/vc_column_inner][\/vc_row_inner][\/vc_column][vc_column offset=&#8221;vc_col-md-6&#8243;][tm_image align=&#8221;center&#8221; image=&#8221;2621&#8243;][tm_spacer size=&#8221;sm:30&#8243;][\/vc_column][\/vc_row][vc_row][vc_column][tm_spacer size=&#8221;sm:100;lg:120&#8243;][tm_heading tag=&#8221;h4&#8243; custom_google_font=&#8221;&#8221; align=&#8221;center&#8221; font_size=&#8221;sm:28;md:34;lg:40&#8243; line_height=&#8221;1.4&#8243; max_width=&#8221;570px&#8221;]We excel in providing ideal solutions[\/tm_heading][tm_spacer size=&#8221;lg:84&#8243;][tm_list list_style=&#8221;check-02&#8243; marker_color=&#8221;secondary&#8221; title_color=&#8221;primary&#8221; columns=&#8221;xs:1;lg:2&#8243; items=&#8221;%5B%7B%22item_title%22%3A%22IT%20Management%20Assurance%22%2C%22item_desc%22%3A%22Our%20service%20offerings%20provide%20the%20customer%20with%20a%20highly%20functional%20assurance%20management%20experience.%22%7D%2C%7B%22item_title%22%3A%22Product%20and%20Service%20Engineering%22%2C%22link%22%3A%22%7C%7C%7C%22%2C%22item_desc%22%3A%22Develop%20and%2For%20propose%20product%20improvements%20through%20periodic%20and%20accurate%20testing%2C%20repairing%20and%20refining%20each%20version.%22%7D%2C%7B%22item_title%22%3A%22Quality%20Control%20System%22%2C%22item_desc%22%3A%22It%20is%20more%20than%20a%20responsibility%2C%20but%20a%20guarantee%20from%20us%2C%20to%20gain%20the%20customer&#8217;s%20trust%20with%20a%20highly%20reliable%20quality%20control%20system.%22%7D%2C%7B%22item_title%22%3A%22Infrastructure%20Integration%20Technology%22%2C%22link%22%3A%22%7C%7C%7C%22%2C%22item_desc%22%3A%22At%20Spidernet%2C%20we%20take%20a%20holistic%20and%20integrated%20approach%20to%20core%20modernisation%20to%20experience%20technological%20evolution.%22%7D%2C%7B%22item_title%22%3A%22Highly%20Professional%20Teams%22%2C%22item_desc%22%3A%22Having%20obtained%20a%20high%20level%20of%20training%20in%20IT%20technology%2C%20our%20teams%20feel%20comfortable%20to%20tackle%20any%20challenge.%22%7D%2C%7B%22item_title%22%3A%22Information%20Security%20Management%22%2C%22item_desc%22%3A%22Information%20security%20has%20been%20a%20growing%20problem%20due%20to%20a%20series%20of%20scandals%20at%20large%20companies.%20Keep%20calm%2C%20we%20are%20here.%22%7D%5D&#8221;][tm_spacer size=&#8221;lg:80&#8243;][\/vc_column][\/vc_row]<\/p>\n","protected":false},"excerpt":{"rendered":"<p>[vc_row full_width=&#8221;stretch_row&#8221; background_image=&#8221;2531&#8243; background_position=&#8221;center&#8221;][vc_column][tm_spacer size=&#8221;sm:150;lg:192&#8243;][tm_heading tag=&#8221;h4&#8243; custom_google_font=&#8221;&#8221; align=&#8221;center&#8221; text_color=&#8221;custom&#8221; custom_text_color=&#8221;#ffffff&#8221; font_size=&#8221;xs:34;sm:44;md:54;lg:64&#8243; line_height=&#8221;1.13&#8243;]About Spidernet[\/tm_heading][tm_spacer size=&#8221;lg:21&#8243;][tm_heading tag=&#8221;div&#8221; custom_google_font=&#8221;&#8221; font_weight=&#8221;500&#8243; align=&#8221;center&#8221; text_color=&#8221;custom&#8221; custom_text_color=&#8221;#ffffff&#8221; font_size=&#8221;sm:18;md:21;lg:24&#8243; line_height=&#8221;1.67&#8243; max_width=&#8221;740px&#8221;]Spidernet is a company that provides services in the area of computing and new technologies. [\/tm_heading][tm_spacer size=&#8221;sm:120;lg:165&#8243;][\/vc_column][\/vc_row][vc_row][vc_column][tm_spacer size=&#8221;lg:118&#8243;][tm_heading style=&#8221;modern&#8221; tag=&#8221;h6&#8243; custom_google_font=&#8221;&#8221; align=&#8221;center&#8221; text_color=&#8221;custom&#8221; custom_text_color=&#8221;#ababab&#8221;]Our company[\/tm_heading][tm_spacer size=&#8221;lg:23&#8243;][tm_heading custom_google_font=&#8221;&#8221; align=&#8221;center&#8221; font_size=&#8221;sm:28;md:34;lg:40&#8243; line_height=&#8221;1.4&#8243; max_width=&#8221;600px&#8221;]We perform all types of IT services that ensure your success[\/tm_heading][tm_spacer size=&#8221;lg:70&#8243;][vc_row_inner][vc_column_inner offset=&#8221;vc_col-md-offset-1 vc_col-md-4&#8243;][tm_heading style=&#8221;modern-number-01&#8243; custom_google_font=&#8221;&#8221; max_width=&#8221;330px&#8221;]21Years of experience in IT[\/tm_heading][tm_spacer size=&#8221;lg:24&#8243;][tm_heading tag=&#8221;h4&#8243; custom_google_font=&#8221;&#8221; font_size=&#8221;lg:20&#8243;]Filled with passion for what we do[\/tm_heading][tm_spacer size=&#8221;sm:30&#8243;][\/vc_column_inner][vc_column_inner offset=&#8221;vc_col-md-offset-1 vc_col-md-5&#8243;][tm_heading tag=&#8221;div&#8221; custom_google_font=&#8221;&#8221; font_size=&#8221;lg:18&#8243; line_height=&#8221;1.67&#8243;]Specialists in information security, system protection, network optimisation and data management, we are versatile and determined. We have everything that some others have &#8211; good professionals, fast and efficient service, competitive prices &#8211; but we add to this the driving energy capable of differentiating our service. That is the asset we have to offer that sets us apart.[\/tm_heading][tm_spacer size=&#8221;lg:23&#8243;][tm_button style=&#8221;text&#8221; button=&#8221;url:https%3A%2F%2Fspidernet.pt%2Fsite%2Fen%2Four-history-2%2F|title:Our%20history&#8221; icon_type=&#8221;fontawesome5&#8243; icon_fontawesome5=&#8221;far fa-long-arrow-right&#8221; color=&#8221;custom&#8221; font_color=&#8221;primary&#8221; font_color_hover=&#8221;secondary&#8221;][\/vc_column_inner][\/vc_row_inner][\/vc_column][\/vc_row][vc_row full_width=&#8221;stretch_row&#8221;][vc_column][tm_spacer size=&#8221;lg:106&#8243;][tm_grid centered_items=&#8221;1&#8243; equal_height=&#8221;1&#8243; columns=&#8221;xs:1;sm:1;lg:3&#8243; column_gutter=&#8221;lg:30&#8243; row_gutter=&#8221;lg:30&#8243; item_max_width=&#8221;lg:370&#8243;][tm_box_image style=&#8221;06&#8243; align=&#8221;center&#8221; box_link=&#8221;url:https%3A%2F%2Fspidernet.pt%2Fsite%2Fen%2Fcontact%2F|title:Contact%20us&#8221; heading=&#8221;What can we do?&#8221; text=&#8221;We intensively analyse your business needs in order to find the best solutions available.&#8221; button=&#8221;url:https%3A%2F%2Fspidernet.pt%2Fsite%2Fen%2Fcontact%2F|title:Contact%20us&#8221; image=&#8221;1068&#8243;][tm_box_image style=&#8221;06&#8243; align=&#8221;center&#8221; box_link=&#8221;url:https%3A%2F%2Fspidernet.pt%2Fsite%2Fcontacts%2F|title:Contacte-nos&#8221; heading=&#8221;Quer ser nosso parceiro?&#8221; text=&#8221;A nossa abordagem preventiva e progressiva ir\u00e1 ajud\u00e1-lo a lidar com poss\u00edveis amea\u00e7as na gest\u00e3o dos seus dados&#8221; button=&#8221;url:https%3A%2F%2Fspidernet.pt%2Fsite%2Fcontacts%2F|title:Contacte-nos&#8221; image=&#8221;1067&#8243;][tm_box_image style=&#8221;06&#8243; align=&#8221;center&#8221; box_link=&#8221;url:https%3A%2F%2Fspidernet.pt%2Fsite%2Fcontacts%2F|title:Contacte-nos&#8221; heading=&#8221;Precisa de uma ajuda?&#8221; text=&#8221;A nossa equipa de suporte estar\u00e1 sempre bem preparada para o ajudar a resolver qualquer um dos seus maiores problemas&#8221; button=&#8221;url:https%3A%2F%2Fspidernet.pt%2Fsite%2Fcontacts%2F|title:Contacte-nos&#8221; image=&#8221;1066&#8243;][\/tm_grid][tm_spacer size=&#8221;lg:70&#8243;][\/vc_column][\/vc_row][vc_row full_width=&#8221;stretch_row_content&#8221; content_placement=&#8221;middle&#8221; background_color=&#8221;custom&#8221; background_size=&#8221;auto&#8221; lg_spacing=&#8221;padding_top:40;padding_bottom:40&#8243; custom_background_color=&#8221;#f8f8f8&#8243; background_image=&#8221;725&#8243; background_position=&#8221;center right 40px&#8221; sm_spacing=&#8221;padding_top:100;padding_bottom:100&#8243;][vc_column offset=&#8221;vc_col-md-6&#8243; order=&#8221;sm:3&#8243;][vc_row_inner content_alignment=&#8221;right&#8221; sm_content_alignment=&#8221;center&#8221; max_width=&#8221;600px&#8221;][vc_column_inner][tm_spacer size=&#8221;lg:25&#8243;][tm_heading tag=&#8221;h4&#8243; custom_google_font=&#8221;&#8221; sm_align=&#8221;center&#8221; font_size=&#8221;sm:28;md:34;lg:40&#8243; line_height=&#8221;1.4&#8243;]We have been in the IT market since the year 2000[\/tm_heading][tm_spacer size=&#8221;lg:40&#8243;][tm_heading style=&#8221;modern&#8221; custom_google_font=&#8221;&#8221; sm_align=&#8221;center&#8221; text_color=&#8221;custom&#8221; custom_text_color=&#8221;#ababab&#8221;] What distinguishes us is our working capacity and the adaptation of our solutions to the client&#8217;s activity. We know the software, we master the information sharing technologies, new and old, we understand network architecture and the essential engineering for successful projects.[\/tm_heading][tm_spacer size=&#8221;lg:40&#8243;][\/vc_column_inner][\/vc_row_inner][\/vc_column][vc_column offset=&#8221;vc_col-md-6&#8243;][tm_image align=&#8221;center&#8221; image=&#8221;2621&#8243;][tm_spacer size=&#8221;sm:30&#8243;][\/vc_column][\/vc_row][vc_row][vc_column][tm_spacer size=&#8221;sm:100;lg:120&#8243;][tm_heading tag=&#8221;h4&#8243; custom_google_font=&#8221;&#8221; align=&#8221;center&#8221; font_size=&#8221;sm:28;md:34;lg:40&#8243; line_height=&#8221;1.4&#8243; max_width=&#8221;570px&#8221;]We excel in providing ideal solutions[\/tm_heading][tm_spacer size=&#8221;lg:84&#8243;][tm_list list_style=&#8221;check-02&#8243; marker_color=&#8221;secondary&#8221; title_color=&#8221;primary&#8221; columns=&#8221;xs:1;lg:2&#8243; items=&#8221;%5B%7B%22item_title%22%3A%22IT%20Management%20Assurance%22%2C%22item_desc%22%3A%22Our%20service%20offerings%20provide%20the%20customer%20with%20a%20highly%20functional%20assurance%20management%20experience.%22%7D%2C%7B%22item_title%22%3A%22Product%20and%20Service%20Engineering%22%2C%22link%22%3A%22%7C%7C%7C%22%2C%22item_desc%22%3A%22Develop%20and%2For%20propose%20product%20improvements%20through%20periodic%20and%20accurate%20testing%2C%20repairing%20and%20refining%20each%20version.%22%7D%2C%7B%22item_title%22%3A%22Quality%20Control%20System%22%2C%22item_desc%22%3A%22It%20is%20more%20than%20a%20responsibility%2C%20but%20a%20guarantee%20from%20us%2C%20to%20gain%20the%20customer&#8217;s%20trust%20with%20a%20highly%20reliable%20quality%20control%20system.%22%7D%2C%7B%22item_title%22%3A%22Infrastructure%20Integration%20Technology%22%2C%22link%22%3A%22%7C%7C%7C%22%2C%22item_desc%22%3A%22At%20Spidernet%2C%20we%20take%20a%20holistic%20and%20integrated%20approach%20to%20core%20modernisation%20to%20experience%20technological%20evolution.%22%7D%2C%7B%22item_title%22%3A%22Highly%20Professional%20Teams%22%2C%22item_desc%22%3A%22Having%20obtained%20a%20high%20level%20of%20training%20in%20IT%20technology%2C%20our%20teams%20feel%20comfortable%20to%20tackle%20any%20challenge.%22%7D%2C%7B%22item_title%22%3A%22Information%20Security%20Management%22%2C%22item_desc%22%3A%22Information%20security%20has%20been%20a%20growing%20problem%20due%20to%20a%20series%20of%20scandals%20at%20large%20companies.%20Keep%20calm%2C%20we%20are%20here.%22%7D%5D&#8221;][tm_spacer size=&#8221;lg:80&#8243;][\/vc_column][\/vc_row]<\/p>\n","protected":false},"author":1,"featured_media":0,"parent":0,"menu_order":0,"comment_status":"closed","ping_status":"closed","template":"","meta":{"footnotes":""},"class_list":["post-3128","page","type-page","status-publish","hentry","post-no-thumbnail"],"_links":{"self":[{"href":"https:\/\/spidernet.pt\/site\/wp-json\/wp\/v2\/pages\/3128","targetHints":{"allow":["GET"]}}],"collection":[{"href":"https:\/\/spidernet.pt\/site\/wp-json\/wp\/v2\/pages"}],"about":[{"href":"https:\/\/spidernet.pt\/site\/wp-json\/wp\/v2\/types\/page"}],"author":[{"embeddable":true,"href":"https:\/\/spidernet.pt\/site\/wp-json\/wp\/v2\/users\/1"}],"replies":[{"embeddable":true,"href":"https:\/\/spidernet.pt\/site\/wp-json\/wp\/v2\/comments?post=3128"}],"version-history":[{"count":4,"href":"https:\/\/spidernet.pt\/site\/wp-json\/wp\/v2\/pages\/3128\/revisions"}],"predecessor-version":[{"id":3327,"href":"https:\/\/spidernet.pt\/site\/wp-json\/wp\/v2\/pages\/3128\/revisions\/3327"}],"wp:attachment":[{"href":"https:\/\/spidernet.pt\/site\/wp-json\/wp\/v2\/media?parent=3128"}],"curies":[{"name":"wp","href":"https:\/\/api.w.org\/{rel}","templated":true}]}}