{"id":3122,"date":"2022-08-22T11:28:53","date_gmt":"2022-08-22T11:28:53","guid":{"rendered":"https:\/\/spidernet.pt\/site\/?page_id=3122"},"modified":"2022-08-25T13:02:11","modified_gmt":"2022-08-25T13:02:11","slug":"contactos-2","status":"publish","type":"page","link":"https:\/\/spidernet.pt\/site\/es\/contactos-2\/","title":{"rendered":"Contactos"},"content":{"rendered":"<p>[vc_row full_width=&#8221;stretch_row&#8221; content_placement=&#8221;top&#8221; lg_spacing=&#8221;padding_top:75;padding_bottom:120&#8243; onepage_title=&#8221;Contact&#8221; onepage_anchor=&#8221;section-contact&#8221;][vc_column][tm_heading custom_google_font=&#8221;&#8221; align=&#8221;center&#8221; font_size=&#8221;sm:40;md:52;lg:64&#8243; line_height=&#8221;1.13&#8243;]Website Parcialmente en Mantenimiento[\/tm_heading][tm_spacer size=&#8221;lg:17&#8243;][tm_heading tag=&#8221;div&#8221; custom_google_font=&#8221;&#8221; align=&#8221;center&#8221; text_color=&#8221;custom&#8221; custom_text_color=&#8221;#7e7e7e&#8221; font_size=&#8221;lg:18&#8243; line_height=&#8221;1.78&#8243;]Spidernet es una empresa de servicios inform\u00e1ticos y de nuevas tecnolog\u00edas.<br \/>\nRealizamos todo tipo de servicios TI que garanticen sus necesidades.<\/p>\n<p>En este momento algunas p\u00e1ginas de nuestro website est\u00e1n en mantenimiento.<br \/>\nPlazo estimado de mantenimiento: 7 d\u00edas<\/p>\n<p>Le pedimos disculpas por las molestias.<\/p>\n<p>Muchas gracias[\/tm_heading][tm_spacer size=&#8221;xs:40;lg:107&#8243;][vc_row_inner][vc_column_inner width=&#8221;1\/2&#8243;][tm_spacer size=&#8221;lg:10&#8243;][tm_heading style=&#8221;left-line&#8221; custom_google_font=&#8221;&#8221; max_width=&#8221;540px&#8221;]Si necesita ponerse en <mark>contacto<\/mark> con nosotros, utilice los medios de comunicaci\u00f3n disponibles[\/tm_heading][tm_spacer size=&#8221;lg:12&#8243;][tm_heading tag=&#8221;div&#8221; custom_google_font=&#8221;&#8221; font_size=&#8221;lg:18&#8243; line_height=&#8221;1.67&#8243; css=&#8221;.vc_custom_1661361481164{margin-left: 34px !important;}&#8221;]Le responderemos a las pocas horas de abrir su ticket.[\/tm_heading][tm_spacer size=&#8221;xs:70;sm:20;md:70&#8243;][\/vc_column_inner][vc_column_inner width=&#8221;1\/2&#8243;][tm_contact_form_7 id=&#8221;903&#8243;][\/vc_column_inner][\/vc_row_inner][\/vc_column][\/vc_row][vc_row][vc_column width=&#8221;1\/3&#8243;][tm_heading custom_google_font=&#8221;&#8221; font_size=&#8221;sm:18;md:21;lg:24&#8243; line_height=&#8221;1.25&#8243;]Lisboa &#8211; Centro[\/tm_heading][tm_spacer size=&#8221;lg:19&#8243;][tm_heading tag=&#8221;div&#8221; custom_google_font=&#8221;&#8221; css=&#8221;.vc_custom_1601181708397{margin-bottom: 5px !important;}&#8221;]Pra\u00e7a da Figueira 7 &#8211; 2\u00baesq<br \/>\n1100-240 Lisboa[\/tm_heading][tm_heading tag=&#8221;div&#8221; custom_google_font=&#8221;&#8221; text_color=&#8221;primary&#8221; hover_text_color=&#8221;secondary&#8221; css=&#8221;.vc_custom_1601176823367{margin-bottom: 5px !important;}&#8221;]<a href=\"mailto:geral@spidernet.pt\">geral@spidernet.pt<\/a>[\/tm_heading][tm_heading tag=&#8221;div&#8221; custom_google_font=&#8221;&#8221; font_weight=&#8221;700&#8243; text_color=&#8221;custom&#8221; custom_text_color=&#8221;#696969&#8243; hover_text_color=&#8221;primary&#8221; css=&#8221;.vc_custom_1635203667992{margin-bottom: 5px !important;}&#8221;]<a href=\"tel:(+351) 213477273\">(+351) 21 347 72 73<\/a>[\/tm_heading][tm_popup_map embed=&#8221;https:\/\/www.google.com\/maps\/embed?pb=!1m18!1m12!1m3!1d3113.155968038863!2d-9.139870085102826!3d38.714227979599166!2m3!1f0!2f0!3f0!3m2!1i1024!2i768!4f13.1!3m3!1m2!1s0xd19338770c95f75%3A0x39709b2434d653e!2sPra%C3%A7a%20da%20Figueira%207%2C%201100-373%20Lisboa%2C%20Portugal!5e0!3m2!1spt-PT!2ses!4v1601257715151!5m2!1spt-PT!2ses&#8220; width=&#8220;600&#8220; height=&#8220;450&#8220; frameborder=&#8220;0&#8220; style=&#8220;border:0;&#8220; allowfullscreen=&#8220;&#8220; aria-hidden=&#8220;false&#8220; tabindex=&#8220;0&#8220;&#8221; text=&#8221;Mapa Lisboa &#8211; Centro&#8221;][tm_spacer size=&#8221;xs:60;sm:60;md:60;lg:60&#8243;][\/vc_column][vc_column width=&#8221;1\/3&#8243;][tm_heading custom_google_font=&#8221;&#8221; font_size=&#8221;sm:18;md:21;lg:24&#8243; line_height=&#8221;1.25&#8243;]Lisboa &#8211; Alvalade[\/tm_heading][tm_spacer size=&#8221;lg:19&#8243;][tm_heading tag=&#8221;div&#8221; custom_google_font=&#8221;&#8221; css=&#8221;.vc_custom_1601181738677{margin-bottom: 5px !important;}&#8221;]Rua Marquesa de Alorna, 26A<br \/>\n1700-303 Lisboa[\/tm_heading][tm_heading tag=&#8221;div&#8221; custom_google_font=&#8221;&#8221; text_color=&#8221;primary&#8221; hover_text_color=&#8221;secondary&#8221; css=&#8221;.vc_custom_1601176985623{margin-bottom: 5px !important;}&#8221;]<a href=\"mailto:suporte@spidernet.pt\">suporte@spidernet.pt<\/a>[\/tm_heading][tm_heading tag=&#8221;div&#8221; custom_google_font=&#8221;&#8221; font_weight=&#8221;700&#8243; text_color=&#8221;custom&#8221; custom_text_color=&#8221;#696969&#8243; hover_text_color=&#8221;primary&#8221; css=&#8221;.vc_custom_1601182161457{margin-bottom: 5px !important;}&#8221;]<a href=\"tel:(+351) 911 994 199\">(+351) 911 994 199<\/a>[\/tm_heading][tm_popup_map embed=&#8221;https:\/\/www.google.com\/maps\/embed?pb=!1m18!1m12!1m3!1d3111.4150869371388!2d-9.145368985159582!3d38.75418256297925!2m3!1f0!2f0!3f0!3m2!1i1024!2i768!4f13.1!3m3!1m2!1s0xd1933aad6cbbb2b%3A0xfede4eded6b6784f!2sR.%20Marquesa%20de%20Alorna%2026A%2C%201700-303%20Lisboa!5e0!3m2!1spt-BR!2spt!4v1602078979246!5m2!1spt-BR!2spt&#8220; width=&#8220;600&#8220; height=&#8220;450&#8220; frameborder=&#8220;0&#8220; style=&#8220;border:0;&#8220; allowfullscreen=&#8220;&#8220; aria-hidden=&#8220;false&#8220; tabindex=&#8220;0&#8220;&#8221; text=&#8221;Mapa Lisboa &#8211; Alvalade&#8221;][tm_spacer size=&#8221;xs:60;sm:60;md:60;lg:60&#8243;][\/vc_column][vc_column width=&#8221;1\/3&#8243;][tm_heading custom_google_font=&#8221;&#8221; font_size=&#8221;sm:18;md:21;lg:24&#8243; line_height=&#8221;1.25&#8243;]Alicante &#8211; Espa\u00f1a[\/tm_heading][tm_spacer size=&#8221;lg:19&#8243;][tm_heading tag=&#8221;div&#8221; custom_google_font=&#8221;&#8221; css=&#8221;.vc_custom_1601181774655{margin-bottom: 5px !important;}&#8221;]Calle Pintor Bartolom\u00e9 Murillo, 47 &#8211; Puerta 19<br \/>\n03110 Mutxmel\/Alicante[\/tm_heading][tm_heading tag=&#8221;div&#8221; custom_google_font=&#8221;&#8221; text_color=&#8221;primary&#8221; hover_text_color=&#8221;secondary&#8221; css=&#8221;.vc_custom_1601177453745{margin-bottom: 5px !important;}&#8221;]<a href=\"mailto:soporte@spidernet.es\">soporte@spidernet.es<\/a>[\/tm_heading][tm_heading tag=&#8221;div&#8221; custom_google_font=&#8221;&#8221; font_weight=&#8221;700&#8243; text_color=&#8221;custom&#8221; custom_text_color=&#8221;#696969&#8243; hover_text_color=&#8221;primary&#8221; css=&#8221;.vc_custom_1634874292639{margin-bottom: 5px !important;}&#8221;]<a href=\"tel:(+34) 629 378 262\">(+34) 629 378 262<\/a>[\/tm_heading][tm_popup_map embed=&#8221;https:\/\/www.google.com\/maps\/embed?pb=!1m18!1m12!1m3!1d3126.4887977867056!2d-0.45765158517060883!3d38.40706738330257!2m3!1f0!2f0!3f0!3m2!1i1024!2i768!4f13.1!3m3!1m2!1s0xd6230aecf879705%3A0x677b35edb3dae3dc!2sCarrer%20Pintor%20Bartolome%20Murillo%2C%2047%2C%2003110%20Mutxamel%2C%20Alacant%2C%20Espanha!5e0!3m2!1spt-BR!2spt!4v1602079172379!5m2!1spt-BR!2spt&#8220; width=&#8220;600&#8220; height=&#8220;450&#8220; frameborder=&#8220;0&#8220; style=&#8220;border:0;&#8220; allowfullscreen=&#8220;&#8220; aria-hidden=&#8220;false&#8220; tabindex=&#8220;0&#8220;&#8221; text=&#8221;Mapa Alicante &#8211; Espa\u00f1a&#8221;][tm_spacer size=&#8221;xs:40;sm:40;md:40;lg:40&#8243;][\/vc_column][\/vc_row]<\/p>\n","protected":false},"excerpt":{"rendered":"<p>[vc_row full_width=&#8221;stretch_row&#8221; content_placement=&#8221;top&#8221; lg_spacing=&#8221;padding_top:75;padding_bottom:120&#8243; onepage_title=&#8221;Contact&#8221; onepage_anchor=&#8221;section-contact&#8221;][vc_column][tm_heading custom_google_font=&#8221;&#8221; align=&#8221;center&#8221; font_size=&#8221;sm:40;md:52;lg:64&#8243; line_height=&#8221;1.13&#8243;]Website Parcialmente en Mantenimiento[\/tm_heading][tm_spacer size=&#8221;lg:17&#8243;][tm_heading tag=&#8221;div&#8221; custom_google_font=&#8221;&#8221; align=&#8221;center&#8221; text_color=&#8221;custom&#8221; custom_text_color=&#8221;#7e7e7e&#8221; font_size=&#8221;lg:18&#8243; line_height=&#8221;1.78&#8243;]Spidernet es una empresa de servicios inform\u00e1ticos y de nuevas tecnolog\u00edas. Realizamos todo tipo de servicios TI que garanticen sus necesidades. En este momento algunas p\u00e1ginas de nuestro website est\u00e1n en mantenimiento. Plazo estimado de mantenimiento: 7 d\u00edas Le pedimos disculpas por las molestias. Muchas gracias[\/tm_heading][tm_spacer size=&#8221;xs:40;lg:107&#8243;][vc_row_inner][vc_column_inner width=&#8221;1\/2&#8243;][tm_spacer size=&#8221;lg:10&#8243;][tm_heading style=&#8221;left-line&#8221; custom_google_font=&#8221;&#8221; max_width=&#8221;540px&#8221;]Si necesita ponerse en contacto con nosotros, utilice los medios de comunicaci\u00f3n disponibles[\/tm_heading][tm_spacer size=&#8221;lg:12&#8243;][tm_heading tag=&#8221;div&#8221; custom_google_font=&#8221;&#8221; font_size=&#8221;lg:18&#8243; line_height=&#8221;1.67&#8243; css=&#8221;.vc_custom_1661361481164{margin-left: 34px !important;}&#8221;]Le responderemos a las pocas horas de abrir su ticket.[\/tm_heading][tm_spacer size=&#8221;xs:70;sm:20;md:70&#8243;][\/vc_column_inner][vc_column_inner width=&#8221;1\/2&#8243;][tm_contact_form_7 id=&#8221;903&#8243;][\/vc_column_inner][\/vc_row_inner][\/vc_column][\/vc_row][vc_row][vc_column width=&#8221;1\/3&#8243;][tm_heading custom_google_font=&#8221;&#8221; font_size=&#8221;sm:18;md:21;lg:24&#8243; line_height=&#8221;1.25&#8243;]Lisboa &#8211; Centro[\/tm_heading][tm_spacer size=&#8221;lg:19&#8243;][tm_heading tag=&#8221;div&#8221; custom_google_font=&#8221;&#8221; css=&#8221;.vc_custom_1601181708397{margin-bottom: 5px !important;}&#8221;]Pra\u00e7a da Figueira 7 &#8211; 2\u00baesq 1100-240 Lisboa[\/tm_heading][tm_heading tag=&#8221;div&#8221; custom_google_font=&#8221;&#8221; text_color=&#8221;primary&#8221; hover_text_color=&#8221;secondary&#8221; css=&#8221;.vc_custom_1601176823367{margin-bottom: 5px !important;}&#8221;]geral@spidernet.pt[\/tm_heading][tm_heading tag=&#8221;div&#8221; custom_google_font=&#8221;&#8221; font_weight=&#8221;700&#8243; text_color=&#8221;custom&#8221; custom_text_color=&#8221;#696969&#8243; hover_text_color=&#8221;primary&#8221; css=&#8221;.vc_custom_1635203667992{margin-bottom: 5px !important;}&#8221;](+351) 21 347 72 73[\/tm_heading][tm_popup_map embed=&#8221;https:\/\/www.google.com\/maps\/embed?pb=!1m18!1m12!1m3!1d3113.155968038863!2d-9.139870085102826!3d38.714227979599166!2m3!1f0!2f0!3f0!3m2!1i1024!2i768!4f13.1!3m3!1m2!1s0xd19338770c95f75%3A0x39709b2434d653e!2sPra%C3%A7a%20da%20Figueira%207%2C%201100-373%20Lisboa%2C%20Portugal!5e0!3m2!1spt-PT!2ses!4v1601257715151!5m2!1spt-PT!2ses&#8220; width=&#8220;600&#8220; height=&#8220;450&#8220; frameborder=&#8220;0&#8220; style=&#8220;border:0;&#8220; allowfullscreen=&#8220;&#8220; aria-hidden=&#8220;false&#8220; tabindex=&#8220;0&#8220;&#8221; text=&#8221;Mapa Lisboa &#8211; Centro&#8221;][tm_spacer size=&#8221;xs:60;sm:60;md:60;lg:60&#8243;][\/vc_column][vc_column width=&#8221;1\/3&#8243;][tm_heading custom_google_font=&#8221;&#8221; font_size=&#8221;sm:18;md:21;lg:24&#8243; line_height=&#8221;1.25&#8243;]Lisboa &#8211; Alvalade[\/tm_heading][tm_spacer size=&#8221;lg:19&#8243;][tm_heading tag=&#8221;div&#8221; custom_google_font=&#8221;&#8221; css=&#8221;.vc_custom_1601181738677{margin-bottom: 5px !important;}&#8221;]Rua Marquesa de Alorna, 26A 1700-303 Lisboa[\/tm_heading][tm_heading tag=&#8221;div&#8221; custom_google_font=&#8221;&#8221; text_color=&#8221;primary&#8221; hover_text_color=&#8221;secondary&#8221; css=&#8221;.vc_custom_1601176985623{margin-bottom: 5px !important;}&#8221;]suporte@spidernet.pt[\/tm_heading][tm_heading tag=&#8221;div&#8221; custom_google_font=&#8221;&#8221; font_weight=&#8221;700&#8243; text_color=&#8221;custom&#8221; custom_text_color=&#8221;#696969&#8243; hover_text_color=&#8221;primary&#8221; css=&#8221;.vc_custom_1601182161457{margin-bottom: 5px !important;}&#8221;](+351) 911 994 199[\/tm_heading][tm_popup_map embed=&#8221;https:\/\/www.google.com\/maps\/embed?pb=!1m18!1m12!1m3!1d3111.4150869371388!2d-9.145368985159582!3d38.75418256297925!2m3!1f0!2f0!3f0!3m2!1i1024!2i768!4f13.1!3m3!1m2!1s0xd1933aad6cbbb2b%3A0xfede4eded6b6784f!2sR.%20Marquesa%20de%20Alorna%2026A%2C%201700-303%20Lisboa!5e0!3m2!1spt-BR!2spt!4v1602078979246!5m2!1spt-BR!2spt&#8220; width=&#8220;600&#8220; height=&#8220;450&#8220; frameborder=&#8220;0&#8220; style=&#8220;border:0;&#8220; allowfullscreen=&#8220;&#8220; aria-hidden=&#8220;false&#8220; tabindex=&#8220;0&#8220;&#8221; text=&#8221;Mapa Lisboa &#8211; Alvalade&#8221;][tm_spacer size=&#8221;xs:60;sm:60;md:60;lg:60&#8243;][\/vc_column][vc_column width=&#8221;1\/3&#8243;][tm_heading custom_google_font=&#8221;&#8221; font_size=&#8221;sm:18;md:21;lg:24&#8243; line_height=&#8221;1.25&#8243;]Alicante &#8211; Espa\u00f1a[\/tm_heading][tm_spacer size=&#8221;lg:19&#8243;][tm_heading tag=&#8221;div&#8221; custom_google_font=&#8221;&#8221; css=&#8221;.vc_custom_1601181774655{margin-bottom: 5px !important;}&#8221;]Calle Pintor Bartolom\u00e9 Murillo, 47 &#8211; Puerta 19 03110 Mutxmel\/Alicante[\/tm_heading][tm_heading tag=&#8221;div&#8221; custom_google_font=&#8221;&#8221; text_color=&#8221;primary&#8221; hover_text_color=&#8221;secondary&#8221; css=&#8221;.vc_custom_1601177453745{margin-bottom: 5px !important;}&#8221;]soporte@spidernet.es[\/tm_heading][tm_heading tag=&#8221;div&#8221; custom_google_font=&#8221;&#8221; font_weight=&#8221;700&#8243; text_color=&#8221;custom&#8221; custom_text_color=&#8221;#696969&#8243; hover_text_color=&#8221;primary&#8221; css=&#8221;.vc_custom_1634874292639{margin-bottom: 5px !important;}&#8221;](+34) 629 378 262[\/tm_heading][tm_popup_map embed=&#8221;https:\/\/www.google.com\/maps\/embed?pb=!1m18!1m12!1m3!1d3126.4887977867056!2d-0.45765158517060883!3d38.40706738330257!2m3!1f0!2f0!3f0!3m2!1i1024!2i768!4f13.1!3m3!1m2!1s0xd6230aecf879705%3A0x677b35edb3dae3dc!2sCarrer%20Pintor%20Bartolome%20Murillo%2C%2047%2C%2003110%20Mutxamel%2C%20Alacant%2C%20Espanha!5e0!3m2!1spt-BR!2spt!4v1602079172379!5m2!1spt-BR!2spt&#8220; width=&#8220;600&#8220; height=&#8220;450&#8220; frameborder=&#8220;0&#8220; style=&#8220;border:0;&#8220; allowfullscreen=&#8220;&#8220; aria-hidden=&#8220;false&#8220; tabindex=&#8220;0&#8220;&#8221; text=&#8221;Mapa Alicante &#8211; Espa\u00f1a&#8221;][tm_spacer size=&#8221;xs:40;sm:40;md:40;lg:40&#8243;][\/vc_column][\/vc_row]<\/p>\n","protected":false},"author":1,"featured_media":0,"parent":0,"menu_order":0,"comment_status":"closed","ping_status":"closed","template":"","meta":{"footnotes":""},"class_list":["post-3122","page","type-page","status-publish","hentry","post-no-thumbnail"],"_links":{"self":[{"href":"https:\/\/spidernet.pt\/site\/wp-json\/wp\/v2\/pages\/3122","targetHints":{"allow":["GET"]}}],"collection":[{"href":"https:\/\/spidernet.pt\/site\/wp-json\/wp\/v2\/pages"}],"about":[{"href":"https:\/\/spidernet.pt\/site\/wp-json\/wp\/v2\/types\/page"}],"author":[{"embeddable":true,"href":"https:\/\/spidernet.pt\/site\/wp-json\/wp\/v2\/users\/1"}],"replies":[{"embeddable":true,"href":"https:\/\/spidernet.pt\/site\/wp-json\/wp\/v2\/comments?post=3122"}],"version-history":[{"count":8,"href":"https:\/\/spidernet.pt\/site\/wp-json\/wp\/v2\/pages\/3122\/revisions"}],"predecessor-version":[{"id":3303,"href":"https:\/\/spidernet.pt\/site\/wp-json\/wp\/v2\/pages\/3122\/revisions\/3303"}],"wp:attachment":[{"href":"https:\/\/spidernet.pt\/site\/wp-json\/wp\/v2\/media?parent=3122"}],"curies":[{"name":"wp","href":"https:\/\/api.w.org\/{rel}","templated":true}]}}