{"id":2216,"date":"2020-09-21T03:52:50","date_gmt":"2020-09-21T03:52:50","guid":{"rendered":"https:\/\/spidernet.pt\/site\/?page_id=2216"},"modified":"2022-08-24T12:59:20","modified_gmt":"2022-08-24T12:59:20","slug":"it-suport","status":"publish","type":"page","link":"https:\/\/spidernet.pt\/site\/it-suport\/","title":{"rendered":"Suporte TI"},"content":{"rendered":"<p>[vc_row full_width=&#8221;stretch_row&#8221; content_placement=&#8221;middle&#8221; background_color=&#8221;custom&#8221; separator_type=&#8221;center_curve_alt&#8221; custom_separator_color=&#8221;#f8f8f8&#8243; custom_background_color=&#8221;#ffffff&#8221; separator_height=&#8221;lg:90&#8243; background_image=&#8221;2993&#8243;][vc_column][tm_spacer size=&#8221;sm:180;lg:140&#8243;][tm_heading custom_google_font=&#8221;&#8221; align=&#8221;center&#8221; text_color=&#8221;custom&#8221; custom_text_color=&#8221;#ffffff&#8221; font_size=&#8221;xs:34;sm:44;md:54;lg:64&#8243; line_height=&#8221;1.09&#8243;]Suporte T\u00e9cnico TI[\/tm_heading][tm_spacer size=&#8221;lg:29&#8243;][tm_heading tag=&#8221;div&#8221; custom_google_font=&#8221;&#8221; font_weight=&#8221;500&#8243; align=&#8221;center&#8221; text_color=&#8221;custom&#8221; custom_text_color=&#8221;#ffffff&#8221; font_size=&#8221;sm:18;md:21;lg:24&#8243;]Servi\u00e7os TI personalizados que se adaptam ao seu neg\u00f3cio[\/tm_heading][tm_spacer size=&#8221;lg:200&#8243;][\/vc_column][\/vc_row][vc_section full_width=&#8221;stretch_row&#8221; background_color=&#8221;custom&#8221; custom_background_color=&#8221;#f8f8f8&#8243; el_id=&#8221;section-consultation&#8221;][vc_row layer_index=&#8221;2&#8243;][vc_column][tm_slider_group content_shadow=&#8221;01&#8243; pagination=&#8221;01&#8243; gutter=&#8221;&#8221; auto_play=&#8221;5000&#8243; items_display=&#8221;xs:1;sm:2;lg:3&#8243; lg_spacing=&#8221;margin_top:-125&#8243;][tm_box_image style=&#8221;04&#8243; image=&#8221;633&#8243; heading=&#8221;Garantia de Gest\u00e3o TI&#8221; text=&#8221;As nossas ofertas de servi\u00e7o proporcionam, ao cliente, uma experi\u00eancia \u00fanica de garantia na gest\u00e3o TI de todo o seu parque inform\u00e1tico e respectivos ativos.&#8221; hover_image=&#8221;630&#8243;][tm_box_image style=&#8221;04&#8243; image=&#8221;632&#8243; heading=&#8221;Engenharia de Produtos e Servi\u00e7os&#8221; text=&#8221;Desenvolver e\/ou propor melhorias de produto por meio de testes peri\u00f3dicos e precisos, reparando e refinando cada vers\u00e3o.&#8221; hover_image=&#8221;629&#8243;][tm_box_image style=&#8221;04&#8243; image=&#8221;631&#8243; heading=&#8221;Sistema de Controle de Qualidade&#8221; text=&#8221;\u00c9 mais do que uma responsabilidade, mas uma garantia nossa, ganhar a confian\u00e7a do cliente com um sistema de controle de qualidade altamente confi\u00e1vel.&#8221; hover_image=&#8221;628&#8243;][\/tm_slider_group][tm_spacer size=&#8221;lg:46&#8243;][vc_row_inner content_placement=&#8221;middle&#8221;][vc_column_inner width=&#8221;2\/3&#8243;][tm_heading style=&#8221;modern&#8221; custom_google_font=&#8221;&#8221; text_color=&#8221;custom&#8221; custom_text_color=&#8221;#ababab&#8221;]A Spidernet entende que no mundo da TI n\u00e3o existe um tamanho \u00fanico para todos, e \u00e9 por isso \u00e9 que personalizamos os nossos pacotes de suporte TI de acordo com suas necessidades comerciais espec\u00edficas.<br \/>\n<mark>O Cliente tem sempre a op\u00e7\u00e3o de escolher entre um contrato de suporte mensal ilimitado totalmente gerido, comprar um pacote de horas ou apenas pagar conforme as suas necessidades.<\/mark><br \/>\nA escolha \u00e9 sua e seja qual for a sua op\u00e7\u00e3o, tenha certeza de que todos os nossos servi\u00e7os ser\u00e3o efetuados com um atendimento e profissionalismo irrepreens\u00edveis.[\/tm_heading][tm_spacer size=&#8221;lg:50&#8243;][\/vc_column_inner][vc_column_inner width=&#8221;1\/3&#8243;][tm_button size=&#8221;custom&#8221; button=&#8221;url:https%3A%2F%2Fspidernet.pt%2Fsite%2F|title:Consulte-nos&#8221; icon_align=&#8221;left&#8221; align=&#8221;right&#8221; xs_align=&#8221;left&#8221; width=&#8221;180&#8243; icon_font_size=&#8221;lg:14&#8243;][\/vc_column_inner][\/vc_row_inner][\/vc_column][\/vc_row][\/vc_section][vc_row full_width=&#8221;stretch_row&#8221;][vc_column][tm_spacer size=&#8221;sm:20;lg:30&#8243;][tm_spacer size=&#8221;lg:66&#8243;][tm_heading custom_google_font=&#8221;&#8221; align=&#8221;center&#8221; font_size=&#8221;sm:28;md:34;lg:40&#8243; line_height=&#8221;1.4&#8243;]Prepare-se para o seu sucesso,<br \/>\nque n\u00f3s fornecemos as <mark>Solu\u00e7\u00f5es TI Fundamentais.<\/mark>[\/tm_heading][tm_spacer size=&#8221;xs:30;lg:70&#8243;][tm_grid columns=&#8221;xs:1;sm:2;lg:4&#8243; column_gutter=&#8221;lg:30&#8243; row_gutter=&#8221;lg:30&#8243;][tm_box_icon align=&#8221;center&#8221; icon_type=&#8221;linea_svg&#8221; icon_linea_svg=&#8221;linea-music-headphones&#8221; heading=&#8221;Suporte Remoto&#8221; text=&#8221;Usando um conhecimento profundo de seu ambiente de neg\u00f3cios e TI, podemos oferecer suporte eficaz aos seus utilizadores e infraestrutura. A continuidade do neg\u00f3cio \u00e9 fundamental.&#8221;][tm_box_icon align=&#8221;center&#8221; icon_type=&#8221;linea_svg&#8221; icon_linea_svg=&#8221;linea-basic-case&#8221; heading=&#8221;Suporte Proactivo&#8221; text=&#8221;Quando o sistema de monitoriza\u00e7\u00e3o nos alertar sobre um problema potencial, iremos resolv\u00ea-lo de forma proactiva antes que se torne cr\u00edtico. Usamos a an\u00e1lise de tend\u00eancias para identificar quaisquer problemas recorrentes e chegar \u00e0 causa raiz.&#8221;][tm_box_icon align=&#8221;center&#8221; icon_type=&#8221;linea_svg&#8221; icon_linea_svg=&#8221;linea-basic-alarm&#8221; heading=&#8221;Monitoriza\u00e7\u00e3o 24\/7&#8243; text=&#8221;Monitoriza\u00e7\u00e3o ininterrupta da sua infraestrutura TI, desde o hardware do seu servidor at\u00e9 \u00e0 conex\u00e3o com a Internet e os aplicativos cr\u00edticos de neg\u00f3cios. Capturamos quaisquer anomalias.&#8221;][tm_box_icon align=&#8221;center&#8221; icon_type=&#8221;linea_svg&#8221; icon_linea_svg=&#8221;linea-basic-gear&#8221; heading=&#8221;Configura\u00e7\u00e3o e Testes&#8221; text=&#8221;Pr\u00e9-configuramos todo o seu equipamento antes de ir ao local, garantindo que funcione conforme o esperado e minimizando a interrup\u00e7\u00e3o durante a instala\u00e7\u00e3o.&#8221;][tm_box_icon align=&#8221;center&#8221; icon_type=&#8221;linea_svg&#8221; icon_linea_svg=&#8221;linea-basic-geolocalize-05&#8243; heading=&#8221;Gest\u00e3o de Fornecedores&#8221; text=&#8221;Eliminamos a dor de cabe\u00e7a de lidar com v\u00e1rios fornecedores entrando em contato com eles em rela\u00e7\u00e3o a quaisquer problemas de suporte em seu nome, geralmente resultando numa resolu\u00e7\u00e3o mais r\u00e1pida.&#8221;][tm_box_icon align=&#8221;center&#8221; icon_type=&#8221;linea_svg&#8221; icon_linea_svg=&#8221;linea-basic-heart&#8221; heading=&#8221;Garantia de Tempo de Resposta&#8221; text=&#8221;Categorizamos e priorizamos os problemas de acordo com a framework ITIL e cumprimos o nosso SLA. Para problemas cr\u00edticos que requeiram suporte no local, garantimos sempre o per\u00edodo de tempo acordado.&#8221;][tm_box_icon align=&#8221;center&#8221; icon_type=&#8221;linea_svg&#8221; icon_linea_svg=&#8221;linea-ecommerce-money&#8221; heading=&#8221;Reporting&#8221; text=&#8221;O nosso portal do cliente permite visibilidade total de todos os t\u00edckets de suporte, fornecendo recursos poderosos de relat\u00f3rios e dados estat\u00edsticos.&#8221;][tm_box_icon align=&#8221;center&#8221; icon_type=&#8221;linea_svg&#8221; icon_linea_svg=&#8221;linea-basic-spread-text-bookmark&#8221; heading=&#8221;Op\u00e7\u00f5es de Suporte Flexivel&#8221; text=&#8221;Os nossos contratos de suporte s\u00e3o adaptados para atender \u00e0s necessidades dos seus neg\u00f3cios e podem ser facilmente ampliados assim seja o crescimento do seu neg\u00f3cio.&#8221;][\/tm_grid][tm_spacer size=&#8221;lg:110&#8243;][\/vc_column][\/vc_row][vc_row full_width=&#8221;stretch_row&#8221; content_placement=&#8221;middle&#8221; background_color=&#8221;custom&#8221; background_size=&#8221;auto&#8221; custom_background_color=&#8221;#002fa6&#8243; background_image=&#8221;379&#8243; lg_spacing=&#8221;padding_top:128;padding_bottom:128&#8243; background_position=&#8221;top right&#8221; sm_spacing=&#8221;padding_top:100;padding_bottom:100&#8243;][vc_column width=&#8221;1\/2&#8243;][tm_heading style=&#8221;left-line&#8221; custom_google_font=&#8221;&#8221; text_color=&#8221;custom&#8221; custom_text_color=&#8221;#ffffff&#8221; max_width=&#8221;470px&#8221;]Para fazer pedidos, de mais informa\u00e7\u00f5es, contacte-nos atrav\u00e9s dos nossos canais.[\/tm_heading][tm_spacer size=&#8221;lg:12&#8243;][tm_heading tag=&#8221;div&#8221; custom_google_font=&#8221;&#8221; text_color=&#8221;custom&#8221; custom_text_color=&#8221;#ffffff&#8221; font_size=&#8221;lg:18&#8243; line_height=&#8221;1.67&#8243; css=&#8221;.vc_custom_1635176829565{margin-left: 34px !important;}&#8221;]Responderemos em apenas um par de horas!<br \/>\nE nunca em mais de 2 dias \u00fateis ap\u00f3s a recep\u00e7\u00e3o do seu Ticket.[\/tm_heading][tm_spacer size=&#8221;xs:40&#8243;][\/vc_column][vc_column width=&#8221;1\/2&#8243;][tm_icon icon_type=&#8221;fontawesome5&#8243; icon_fontawesome5=&#8221;fal fa-phone&#8221; align=&#8221;center&#8221; icon_color=&#8221;custom&#8221; custom_icon_color=&#8221;#ffffff&#8221; font_size=&#8221;lg:40&#8243;][tm_spacer size=&#8221;lg:16&#8243;][tm_heading style=&#8221;modern-02&#8243; custom_google_font=&#8221;&#8221; align=&#8221;center&#8221; text_color=&#8221;custom&#8221; custom_text_color=&#8221;rgba(255,255,255,0.8)&#8221;]NECESSITA DE AJUDA?[\/tm_heading][tm_spacer size=&#8221;lg:3&#8243;][tm_heading custom_google_font=&#8221;&#8221; align=&#8221;center&#8221; text_color=&#8221;secondary&#8221; hover_text_color=&#8221;secondary&#8221; font_size=&#8221;sm:36;md:42;lg:48&#8243; line_height=&#8221;1.17&#8243;]<a href=\"tel:+351213477273\">+351 21 347 72 73<\/a>[\/tm_heading][tm_spacer size=&#8221;lg:26&#8243;][tm_button size=&#8221;custom&#8221; button=&#8221;url:https%3A%2F%2Fspidernet.pt%2Fsite%2Fcontacts|title:Contacte-nos&#8221; align=&#8221;center&#8221; color=&#8221;custom&#8221; button_bg_color=&#8221;custom&#8221; font_color=&#8221;primary&#8221; button_border_color=&#8221;custom&#8221; button_bg_color_hover=&#8221;secondary&#8221; font_color_hover=&#8221;custom&#8221; button_border_color_hover=&#8221;secondary&#8221; width=&#8221;230&#8243; custom_button_bg_color=&#8221;#ffffff&#8221; custom_button_border_color=&#8221;#ffffff&#8221; custom_font_color_hover=&#8221;#ffffff&#8221;][\/vc_column][\/vc_row][vc_row full_width=&#8221;stretch_row_content&#8221;][vc_column][tm_spacer size=&#8221;lg:90&#8243;][tm_grid align=&#8221;center&#8221; columns=&#8221;xs:1;lg:2&#8243; column_gutter=&#8221;lg:30&#8243; row_gutter=&#8221;lg:30&#8243; max_width=&#8221;lg:1230&#8243;][tm_box_icon style=&#8221;03&#8243; icon_type=&#8221;fontawesome5&#8243; icon_fontawesome5=&#8221;fal fa-life-ring&#8221; heading=&#8221;Garantia de Gest\u00e3o TI&#8221; text=&#8221;As nossas ofertas de servi\u00e7o proporcionam, ao cliente, uma experi\u00eancia de gest\u00e3o de garantia altamente funcional&#8221;][tm_box_icon style=&#8221;03&#8243; icon_type=&#8221;fontawesome5&#8243; icon_fontawesome5=&#8221;fal fa-lock-alt&#8221; heading=&#8221;Gest\u00e3o de Seguran\u00e7a da Informa\u00e7\u00e3o&#8221; text=&#8221;A seguran\u00e7a da informa\u00e7\u00e3o tem sido um problema crescente devido a uma s\u00e9rie de esc\u00e2ndalos em grandes empresas. Fique tranquilo, estamos aqui.&#8221;][tm_box_icon style=&#8221;03&#8243; icon_type=&#8221;fontawesome5&#8243; icon_fontawesome5=&#8221;fal fa-globe&#8221; heading=&#8221;Tecnologia de integra\u00e7\u00e3o de Infraestrutura&#8221; text=&#8221;Na Spidernet, temos uma abordagem hol\u00edstica e integrada para a moderniza\u00e7\u00e3o do n\u00facleo para experimentar a evolu\u00e7\u00e3o tecnol\u00f3gica.&#8221;][tm_box_icon style=&#8221;03&#8243; icon_type=&#8221;fontawesome5&#8243; icon_fontawesome5=&#8221;fal fa-medal&#8221; heading=&#8221;Equipas Altamente Profissionais&#8221; text=&#8221;Tendo obtido forma\u00e7\u00e3o elevada em tecnologia de TI, as nossas equipas sentem-se confortaveis para abordar qualquer desafio.&#8221; button=&#8221;|||&#8221;][\/tm_grid][tm_spacer size=&#8221;lg:74&#8243;][\/vc_column][\/vc_row]<\/p>\n","protected":false},"excerpt":{"rendered":"<p>[vc_row full_width=&#8221;stretch_row&#8221; content_placement=&#8221;middle&#8221; background_color=&#8221;custom&#8221; separator_type=&#8221;center_curve_alt&#8221; custom_separator_color=&#8221;#f8f8f8&#8243; custom_background_color=&#8221;#ffffff&#8221; separator_height=&#8221;lg:90&#8243; background_image=&#8221;2993&#8243;][vc_column][tm_spacer size=&#8221;sm:180;lg:140&#8243;][tm_heading custom_google_font=&#8221;&#8221; align=&#8221;center&#8221; text_color=&#8221;custom&#8221; custom_text_color=&#8221;#ffffff&#8221; font_size=&#8221;xs:34;sm:44;md:54;lg:64&#8243; line_height=&#8221;1.09&#8243;]Suporte T\u00e9cnico TI[\/tm_heading][tm_spacer size=&#8221;lg:29&#8243;][tm_heading tag=&#8221;div&#8221; custom_google_font=&#8221;&#8221; font_weight=&#8221;500&#8243; align=&#8221;center&#8221; text_color=&#8221;custom&#8221; custom_text_color=&#8221;#ffffff&#8221; font_size=&#8221;sm:18;md:21;lg:24&#8243;]Servi\u00e7os TI personalizados que se adaptam ao seu neg\u00f3cio[\/tm_heading][tm_spacer size=&#8221;lg:200&#8243;][\/vc_column][\/vc_row][vc_section full_width=&#8221;stretch_row&#8221; background_color=&#8221;custom&#8221; custom_background_color=&#8221;#f8f8f8&#8243; el_id=&#8221;section-consultation&#8221;][vc_row layer_index=&#8221;2&#8243;][vc_column][tm_slider_group content_shadow=&#8221;01&#8243; pagination=&#8221;01&#8243; gutter=&#8221;&#8221; auto_play=&#8221;5000&#8243; items_display=&#8221;xs:1;sm:2;lg:3&#8243; lg_spacing=&#8221;margin_top:-125&#8243;][tm_box_image style=&#8221;04&#8243; image=&#8221;633&#8243; heading=&#8221;Garantia de Gest\u00e3o TI&#8221; text=&#8221;As nossas ofertas de servi\u00e7o proporcionam, ao cliente, uma experi\u00eancia \u00fanica de garantia na gest\u00e3o TI de todo o seu parque inform\u00e1tico e respectivos ativos.&#8221; hover_image=&#8221;630&#8243;][tm_box_image style=&#8221;04&#8243; image=&#8221;632&#8243; heading=&#8221;Engenharia de Produtos e Servi\u00e7os&#8221; text=&#8221;Desenvolver e\/ou propor melhorias de produto por meio de testes peri\u00f3dicos e precisos, reparando e refinando cada vers\u00e3o.&#8221; hover_image=&#8221;629&#8243;][tm_box_image style=&#8221;04&#8243; image=&#8221;631&#8243; heading=&#8221;Sistema de Controle de Qualidade&#8221; text=&#8221;\u00c9 mais do que uma responsabilidade, mas uma garantia nossa, ganhar a confian\u00e7a do cliente com um sistema de controle de qualidade altamente confi\u00e1vel.&#8221; hover_image=&#8221;628&#8243;][\/tm_slider_group][tm_spacer size=&#8221;lg:46&#8243;][vc_row_inner content_placement=&#8221;middle&#8221;][vc_column_inner width=&#8221;2\/3&#8243;][tm_heading style=&#8221;modern&#8221; custom_google_font=&#8221;&#8221; text_color=&#8221;custom&#8221; custom_text_color=&#8221;#ababab&#8221;]A Spidernet entende que no mundo da TI n\u00e3o existe um tamanho \u00fanico para todos, e \u00e9 por isso \u00e9 que personalizamos os nossos pacotes de suporte TI de acordo com suas necessidades comerciais espec\u00edficas. O Cliente tem sempre a op\u00e7\u00e3o de escolher entre um contrato de suporte mensal ilimitado totalmente gerido, comprar um pacote de horas ou apenas pagar conforme as suas necessidades. A escolha \u00e9 sua e seja qual for a sua op\u00e7\u00e3o, tenha certeza de que todos os nossos servi\u00e7os ser\u00e3o efetuados com um atendimento e profissionalismo irrepreens\u00edveis.[\/tm_heading][tm_spacer size=&#8221;lg:50&#8243;][\/vc_column_inner][vc_column_inner width=&#8221;1\/3&#8243;][tm_button size=&#8221;custom&#8221; button=&#8221;url:https%3A%2F%2Fspidernet.pt%2Fsite%2F|title:Consulte-nos&#8221; icon_align=&#8221;left&#8221; align=&#8221;right&#8221; xs_align=&#8221;left&#8221; width=&#8221;180&#8243; icon_font_size=&#8221;lg:14&#8243;][\/vc_column_inner][\/vc_row_inner][\/vc_column][\/vc_row][\/vc_section][vc_row full_width=&#8221;stretch_row&#8221;][vc_column][tm_spacer size=&#8221;sm:20;lg:30&#8243;][tm_spacer size=&#8221;lg:66&#8243;][tm_heading custom_google_font=&#8221;&#8221; align=&#8221;center&#8221; font_size=&#8221;sm:28;md:34;lg:40&#8243; line_height=&#8221;1.4&#8243;]Prepare-se para o seu sucesso, que n\u00f3s fornecemos as Solu\u00e7\u00f5es TI Fundamentais.[\/tm_heading][tm_spacer size=&#8221;xs:30;lg:70&#8243;][tm_grid columns=&#8221;xs:1;sm:2;lg:4&#8243; column_gutter=&#8221;lg:30&#8243; row_gutter=&#8221;lg:30&#8243;][tm_box_icon align=&#8221;center&#8221; icon_type=&#8221;linea_svg&#8221; icon_linea_svg=&#8221;linea-music-headphones&#8221; heading=&#8221;Suporte Remoto&#8221; text=&#8221;Usando um conhecimento profundo de seu ambiente de neg\u00f3cios e TI, podemos oferecer suporte eficaz aos seus utilizadores e infraestrutura. A continuidade do neg\u00f3cio \u00e9 fundamental.&#8221;][tm_box_icon align=&#8221;center&#8221; icon_type=&#8221;linea_svg&#8221; icon_linea_svg=&#8221;linea-basic-case&#8221; heading=&#8221;Suporte Proactivo&#8221; text=&#8221;Quando o sistema de monitoriza\u00e7\u00e3o nos alertar sobre um problema potencial, iremos resolv\u00ea-lo de forma proactiva antes que se torne cr\u00edtico. Usamos a an\u00e1lise de tend\u00eancias para identificar quaisquer problemas recorrentes e chegar \u00e0 causa raiz.&#8221;][tm_box_icon align=&#8221;center&#8221; icon_type=&#8221;linea_svg&#8221; icon_linea_svg=&#8221;linea-basic-alarm&#8221; heading=&#8221;Monitoriza\u00e7\u00e3o 24\/7&#8243; text=&#8221;Monitoriza\u00e7\u00e3o ininterrupta da sua infraestrutura TI, desde o hardware do seu servidor at\u00e9 \u00e0 conex\u00e3o com a Internet e os aplicativos cr\u00edticos de neg\u00f3cios. Capturamos quaisquer anomalias.&#8221;][tm_box_icon align=&#8221;center&#8221; icon_type=&#8221;linea_svg&#8221; icon_linea_svg=&#8221;linea-basic-gear&#8221; heading=&#8221;Configura\u00e7\u00e3o e Testes&#8221; text=&#8221;Pr\u00e9-configuramos todo o seu equipamento antes de ir ao local, garantindo que funcione conforme o esperado e minimizando a interrup\u00e7\u00e3o durante a instala\u00e7\u00e3o.&#8221;][tm_box_icon align=&#8221;center&#8221; icon_type=&#8221;linea_svg&#8221; icon_linea_svg=&#8221;linea-basic-geolocalize-05&#8243; heading=&#8221;Gest\u00e3o de Fornecedores&#8221; text=&#8221;Eliminamos a dor de cabe\u00e7a de lidar com v\u00e1rios fornecedores entrando em contato com eles em rela\u00e7\u00e3o a quaisquer problemas de suporte em seu nome, geralmente resultando numa resolu\u00e7\u00e3o mais r\u00e1pida.&#8221;][tm_box_icon align=&#8221;center&#8221; icon_type=&#8221;linea_svg&#8221; icon_linea_svg=&#8221;linea-basic-heart&#8221; heading=&#8221;Garantia de Tempo de Resposta&#8221; text=&#8221;Categorizamos e priorizamos os problemas de acordo com a framework ITIL e cumprimos o nosso SLA. Para problemas cr\u00edticos que requeiram suporte no local, garantimos sempre o per\u00edodo de tempo acordado.&#8221;][tm_box_icon align=&#8221;center&#8221; icon_type=&#8221;linea_svg&#8221; icon_linea_svg=&#8221;linea-ecommerce-money&#8221; heading=&#8221;Reporting&#8221; text=&#8221;O nosso portal do cliente permite visibilidade total de todos os t\u00edckets de suporte, fornecendo recursos poderosos de relat\u00f3rios e dados estat\u00edsticos.&#8221;][tm_box_icon align=&#8221;center&#8221; icon_type=&#8221;linea_svg&#8221; icon_linea_svg=&#8221;linea-basic-spread-text-bookmark&#8221; heading=&#8221;Op\u00e7\u00f5es de Suporte Flexivel&#8221; text=&#8221;Os nossos contratos de suporte s\u00e3o adaptados para atender \u00e0s necessidades dos seus neg\u00f3cios e podem ser facilmente ampliados assim seja o crescimento do seu neg\u00f3cio.&#8221;][\/tm_grid][tm_spacer size=&#8221;lg:110&#8243;][\/vc_column][\/vc_row][vc_row full_width=&#8221;stretch_row&#8221; content_placement=&#8221;middle&#8221; background_color=&#8221;custom&#8221; background_size=&#8221;auto&#8221; custom_background_color=&#8221;#002fa6&#8243; background_image=&#8221;379&#8243; lg_spacing=&#8221;padding_top:128;padding_bottom:128&#8243; background_position=&#8221;top right&#8221; sm_spacing=&#8221;padding_top:100;padding_bottom:100&#8243;][vc_column width=&#8221;1\/2&#8243;][tm_heading style=&#8221;left-line&#8221; custom_google_font=&#8221;&#8221; text_color=&#8221;custom&#8221; custom_text_color=&#8221;#ffffff&#8221; max_width=&#8221;470px&#8221;]Para fazer pedidos, de mais informa\u00e7\u00f5es, contacte-nos atrav\u00e9s dos nossos canais.[\/tm_heading][tm_spacer size=&#8221;lg:12&#8243;][tm_heading tag=&#8221;div&#8221; custom_google_font=&#8221;&#8221; text_color=&#8221;custom&#8221; custom_text_color=&#8221;#ffffff&#8221; font_size=&#8221;lg:18&#8243; line_height=&#8221;1.67&#8243; css=&#8221;.vc_custom_1635176829565{margin-left: 34px !important;}&#8221;]Responderemos em apenas um par de horas! E nunca em mais de 2 dias \u00fateis ap\u00f3s a recep\u00e7\u00e3o do seu Ticket.[\/tm_heading][tm_spacer size=&#8221;xs:40&#8243;][\/vc_column][vc_column width=&#8221;1\/2&#8243;][tm_icon icon_type=&#8221;fontawesome5&#8243; icon_fontawesome5=&#8221;fal fa-phone&#8221; align=&#8221;center&#8221; icon_color=&#8221;custom&#8221; custom_icon_color=&#8221;#ffffff&#8221; font_size=&#8221;lg:40&#8243;][tm_spacer size=&#8221;lg:16&#8243;][tm_heading style=&#8221;modern-02&#8243; custom_google_font=&#8221;&#8221; align=&#8221;center&#8221; text_color=&#8221;custom&#8221; custom_text_color=&#8221;rgba(255,255,255,0.8)&#8221;]NECESSITA DE AJUDA?[\/tm_heading][tm_spacer size=&#8221;lg:3&#8243;][tm_heading custom_google_font=&#8221;&#8221; align=&#8221;center&#8221; text_color=&#8221;secondary&#8221; hover_text_color=&#8221;secondary&#8221; font_size=&#8221;sm:36;md:42;lg:48&#8243; line_height=&#8221;1.17&#8243;]+351 21 347 72 73[\/tm_heading][tm_spacer size=&#8221;lg:26&#8243;][tm_button size=&#8221;custom&#8221; button=&#8221;url:https%3A%2F%2Fspidernet.pt%2Fsite%2Fcontacts|title:Contacte-nos&#8221; align=&#8221;center&#8221; color=&#8221;custom&#8221; button_bg_color=&#8221;custom&#8221; font_color=&#8221;primary&#8221; button_border_color=&#8221;custom&#8221; button_bg_color_hover=&#8221;secondary&#8221; font_color_hover=&#8221;custom&#8221; button_border_color_hover=&#8221;secondary&#8221; width=&#8221;230&#8243; custom_button_bg_color=&#8221;#ffffff&#8221; custom_button_border_color=&#8221;#ffffff&#8221; custom_font_color_hover=&#8221;#ffffff&#8221;][\/vc_column][\/vc_row][vc_row full_width=&#8221;stretch_row_content&#8221;][vc_column][tm_spacer size=&#8221;lg:90&#8243;][tm_grid align=&#8221;center&#8221; columns=&#8221;xs:1;lg:2&#8243; column_gutter=&#8221;lg:30&#8243; row_gutter=&#8221;lg:30&#8243; max_width=&#8221;lg:1230&#8243;][tm_box_icon style=&#8221;03&#8243; icon_type=&#8221;fontawesome5&#8243; icon_fontawesome5=&#8221;fal fa-life-ring&#8221; heading=&#8221;Garantia de Gest\u00e3o TI&#8221; text=&#8221;As nossas ofertas de servi\u00e7o proporcionam, ao cliente, uma experi\u00eancia de gest\u00e3o de garantia altamente funcional&#8221;][tm_box_icon style=&#8221;03&#8243; icon_type=&#8221;fontawesome5&#8243; icon_fontawesome5=&#8221;fal fa-lock-alt&#8221; heading=&#8221;Gest\u00e3o de Seguran\u00e7a da Informa\u00e7\u00e3o&#8221; text=&#8221;A seguran\u00e7a da informa\u00e7\u00e3o tem sido um problema crescente devido a uma s\u00e9rie de esc\u00e2ndalos em grandes empresas. Fique tranquilo, estamos aqui.&#8221;][tm_box_icon style=&#8221;03&#8243; icon_type=&#8221;fontawesome5&#8243; icon_fontawesome5=&#8221;fal fa-globe&#8221; heading=&#8221;Tecnologia de integra\u00e7\u00e3o de Infraestrutura&#8221; text=&#8221;Na Spidernet, temos uma abordagem hol\u00edstica e integrada para a moderniza\u00e7\u00e3o do n\u00facleo para experimentar a evolu\u00e7\u00e3o tecnol\u00f3gica.&#8221;][tm_box_icon style=&#8221;03&#8243; icon_type=&#8221;fontawesome5&#8243; icon_fontawesome5=&#8221;fal fa-medal&#8221; heading=&#8221;Equipas Altamente Profissionais&#8221; text=&#8221;Tendo obtido forma\u00e7\u00e3o elevada em tecnologia de TI, as nossas equipas sentem-se confortaveis para abordar qualquer desafio.&#8221; button=&#8221;|||&#8221;][\/tm_grid][tm_spacer size=&#8221;lg:74&#8243;][\/vc_column][\/vc_row]<\/p>\n","protected":false},"author":1,"featured_media":0,"parent":0,"menu_order":0,"comment_status":"closed","ping_status":"closed","template":"","meta":{"footnotes":""},"class_list":["post-2216","page","type-page","status-publish","hentry","post-no-thumbnail"],"_links":{"self":[{"href":"https:\/\/spidernet.pt\/site\/wp-json\/wp\/v2\/pages\/2216","targetHints":{"allow":["GET"]}}],"collection":[{"href":"https:\/\/spidernet.pt\/site\/wp-json\/wp\/v2\/pages"}],"about":[{"href":"https:\/\/spidernet.pt\/site\/wp-json\/wp\/v2\/types\/page"}],"author":[{"embeddable":true,"href":"https:\/\/spidernet.pt\/site\/wp-json\/wp\/v2\/users\/1"}],"replies":[{"embeddable":true,"href":"https:\/\/spidernet.pt\/site\/wp-json\/wp\/v2\/comments?post=2216"}],"version-history":[{"count":126,"href":"https:\/\/spidernet.pt\/site\/wp-json\/wp\/v2\/pages\/2216\/revisions"}],"predecessor-version":[{"id":3255,"href":"https:\/\/spidernet.pt\/site\/wp-json\/wp\/v2\/pages\/2216\/revisions\/3255"}],"wp:attachment":[{"href":"https:\/\/spidernet.pt\/site\/wp-json\/wp\/v2\/media?parent=2216"}],"curies":[{"name":"wp","href":"https:\/\/api.w.org\/{rel}","templated":true}]}}