{"id":1055,"date":"2019-03-14T10:07:51","date_gmt":"2019-03-14T10:07:51","guid":{"rendered":"https:\/\/spidernet.pt\/site\/about-us-01\/"},"modified":"2022-08-24T12:33:35","modified_gmt":"2022-08-24T12:33:35","slug":"about","status":"publish","type":"page","link":"https:\/\/spidernet.pt\/site\/about\/","title":{"rendered":"Sobre N\u00f3s"},"content":{"rendered":"<p>[vc_row full_width=&#8221;stretch_row&#8221; background_image=&#8221;2531&#8243; background_position=&#8221;center&#8221;][vc_column][tm_spacer size=&#8221;sm:150;lg:192&#8243;][tm_heading tag=&#8221;h4&#8243; custom_google_font=&#8221;&#8221; align=&#8221;center&#8221; text_color=&#8221;custom&#8221; custom_text_color=&#8221;#ffffff&#8221; font_size=&#8221;xs:34;sm:44;md:54;lg:64&#8243; line_height=&#8221;1.13&#8243;]Sobre a Spidernet[\/tm_heading][tm_spacer size=&#8221;lg:21&#8243;][tm_heading tag=&#8221;div&#8221; custom_google_font=&#8221;&#8221; font_weight=&#8221;500&#8243; align=&#8221;center&#8221; text_color=&#8221;custom&#8221; custom_text_color=&#8221;#ffffff&#8221; font_size=&#8221;sm:18;md:21;lg:24&#8243; line_height=&#8221;1.67&#8243; max_width=&#8221;740px&#8221;]A Spidernet \u00e9 uma empresa de presta\u00e7\u00e3o de servi\u00e7os na \u00e1rea da inform\u00e1tica e das novas tecnologias. [\/tm_heading][tm_spacer size=&#8221;sm:120;lg:165&#8243;][\/vc_column][\/vc_row][vc_row][vc_column][tm_spacer size=&#8221;lg:118&#8243;][tm_heading style=&#8221;modern&#8221; tag=&#8221;h6&#8243; custom_google_font=&#8221;&#8221; align=&#8221;center&#8221; text_color=&#8221;custom&#8221; custom_text_color=&#8221;#ababab&#8221;]A nossa empresa[\/tm_heading][tm_spacer size=&#8221;lg:23&#8243;][tm_heading custom_google_font=&#8221;&#8221; align=&#8221;center&#8221; font_size=&#8221;sm:28;md:34;lg:40&#8243; line_height=&#8221;1.4&#8243; max_width=&#8221;600px&#8221;]Executamos todos os tipos de servi\u00e7os de TI que garantem o seu <mark>sucesso<\/mark>[\/tm_heading][tm_spacer size=&#8221;lg:70&#8243;][vc_row_inner][vc_column_inner offset=&#8221;vc_col-md-offset-1 vc_col-md-4&#8243;][tm_heading style=&#8221;modern-number-01&#8243; custom_google_font=&#8221;&#8221; max_width=&#8221;330px&#8221;]<mark>21<\/mark>Anos de Experi\u00eancia em TI[\/tm_heading][tm_spacer size=&#8221;lg:24&#8243;][tm_heading tag=&#8221;h4&#8243; custom_google_font=&#8221;&#8221; font_size=&#8221;lg:20&#8243;]Repletos de paix\u00e3o pelo que fazemos[\/tm_heading][tm_spacer size=&#8221;sm:30&#8243;][\/vc_column_inner][vc_column_inner offset=&#8221;vc_col-md-offset-1 vc_col-md-5&#8243;][tm_heading tag=&#8221;div&#8221; custom_google_font=&#8221;&#8221; font_size=&#8221;lg:18&#8243; line_height=&#8221;1.67&#8243;]Especialistas em seguran\u00e7a de informa\u00e7\u00e3o, em prote\u00e7\u00e3o de sistemas, em optimiza\u00e7\u00e3o de redes e na gest\u00e3o de dados, somos vers\u00e1teis e determinados. Temos tudo o que alguns outros t\u00eam \u2013 bons profissionais, rapidez e efici\u00eancia no atendimento, pre\u00e7os competitivos \u2013 mas juntamos a isso a energia motriz capaz de diferenciar o nosso servi\u00e7o. \u00c9 esse o trunfo que temos para oferecer e que nos distingue.[\/tm_heading][tm_spacer size=&#8221;lg:23&#8243;][tm_button style=&#8221;text&#8221; button=&#8221;url:https%3A%2F%2Fspidernet.pt%2Fsite%2Four-history%2F|title:A%20nossa%20hist%C3%B3ria&#8221; icon_type=&#8221;fontawesome5&#8243; icon_fontawesome5=&#8221;far fa-long-arrow-right&#8221; color=&#8221;custom&#8221; font_color=&#8221;primary&#8221; font_color_hover=&#8221;secondary&#8221;][\/vc_column_inner][\/vc_row_inner][\/vc_column][\/vc_row][vc_row full_width=&#8221;stretch_row&#8221;][vc_column][tm_spacer size=&#8221;lg:106&#8243;][tm_grid centered_items=&#8221;1&#8243; equal_height=&#8221;1&#8243; columns=&#8221;xs:1;sm:1;lg:3&#8243; column_gutter=&#8221;lg:30&#8243; row_gutter=&#8221;lg:30&#8243; item_max_width=&#8221;lg:370&#8243;][tm_box_image style=&#8221;06&#8243; align=&#8221;center&#8221; box_link=&#8221;url:https%3A%2F%2Fspidernet.pt%2Fsite%2Fcontacts%2F|title:Contacte-nos&#8221; heading=&#8221;O que podemos fazer?&#8221; text=&#8221;Analisamos intensamente as necessidades do seu n\u00e9gocio de forma a descobrir as melhores solu\u00e7\u00f5es disponiveis.&#8221; button=&#8221;url:https%3A%2F%2Fspidernet.pt%2Fsite%2Fcontacts%2F|title:Contacte-nos&#8221; image=&#8221;1068&#8243;][tm_box_image style=&#8221;06&#8243; align=&#8221;center&#8221; box_link=&#8221;url:https%3A%2F%2Fspidernet.pt%2Fsite%2Fcontacts%2F|title:Contacte-nos&#8221; heading=&#8221;Quer ser nosso parceiro?&#8221; text=&#8221;A nossa abordagem preventiva e progressiva ir\u00e1 ajud\u00e1-lo a lidar com poss\u00edveis amea\u00e7as na gest\u00e3o dos seus dados&#8221; button=&#8221;url:https%3A%2F%2Fspidernet.pt%2Fsite%2Fcontacts%2F|title:Contacte-nos&#8221; image=&#8221;1067&#8243;][tm_box_image style=&#8221;06&#8243; align=&#8221;center&#8221; box_link=&#8221;url:https%3A%2F%2Fspidernet.pt%2Fsite%2Fcontacts%2F|title:Contacte-nos&#8221; heading=&#8221;Precisa de uma ajuda?&#8221; text=&#8221;A nossa equipa de suporte estar\u00e1 sempre bem preparada para o ajudar a resolver qualquer um dos seus maiores problemas&#8221; button=&#8221;url:https%3A%2F%2Fspidernet.pt%2Fsite%2Fcontacts%2F|title:Contacte-nos&#8221; image=&#8221;1066&#8243;][\/tm_grid][tm_spacer size=&#8221;lg:70&#8243;][tm_heading style=&#8221;link-style-01&#8243; tag=&#8221;div&#8221; custom_google_font=&#8221;&#8221; align=&#8221;center&#8221;]Os desafios s\u00e3o apenas oportunidades disfar\u00e7adas. <a href=\"https:\/\/spidernet.pt\/site\/contacts\/\">Aceite o desafio!<\/a>[\/tm_heading][tm_spacer size=&#8221;lg:101&#8243;][\/vc_column][\/vc_row][vc_row full_width=&#8221;stretch_row_content&#8221; content_placement=&#8221;middle&#8221; background_color=&#8221;custom&#8221; background_size=&#8221;auto&#8221; lg_spacing=&#8221;padding_top:40;padding_bottom:40&#8243; custom_background_color=&#8221;#f8f8f8&#8243; background_image=&#8221;725&#8243; background_position=&#8221;center right 40px&#8221; sm_spacing=&#8221;padding_top:100;padding_bottom:100&#8243;][vc_column offset=&#8221;vc_col-md-6&#8243; order=&#8221;sm:3&#8243;][vc_row_inner content_alignment=&#8221;right&#8221; sm_content_alignment=&#8221;center&#8221; max_width=&#8221;600px&#8221;][vc_column_inner][tm_spacer size=&#8221;lg:25&#8243;][tm_heading tag=&#8221;h4&#8243; custom_google_font=&#8221;&#8221; sm_align=&#8221;center&#8221; font_size=&#8221;sm:28;md:34;lg:40&#8243; line_height=&#8221;1.4&#8243;]Estamos no mercado TI<br \/>\n<mark>desde o ano 2000<\/mark>[\/tm_heading][tm_spacer size=&#8221;lg:40&#8243;][tm_heading style=&#8221;modern&#8221; custom_google_font=&#8221;&#8221; sm_align=&#8221;center&#8221; text_color=&#8221;custom&#8221; custom_text_color=&#8221;#ababab&#8221;] O que nos distingue \u00e9 a capacidade de trabalho e a adapta\u00e7\u00e3o das solu\u00e7\u00f5es \u00e0 atividade do cliente. Conhecemos os softwares, dominamos as tecnologias de partilha de informa\u00e7\u00e3o, as novas e as antigas, entendemos a arquitectura de rede e a engenharia imprescind\u00edvel aos projectos bem sucedidos.[\/tm_heading][tm_spacer size=&#8221;lg:40&#8243;][\/vc_column_inner][\/vc_row_inner][\/vc_column][vc_column offset=&#8221;vc_col-md-6&#8243;][tm_image align=&#8221;center&#8221; image=&#8221;2621&#8243;][tm_spacer size=&#8221;sm:30&#8243;][\/vc_column][\/vc_row][vc_row][vc_column][tm_spacer size=&#8221;sm:100;lg:120&#8243;][tm_heading tag=&#8221;h4&#8243; custom_google_font=&#8221;&#8221; align=&#8221;center&#8221; font_size=&#8221;sm:28;md:34;lg:40&#8243; line_height=&#8221;1.4&#8243; max_width=&#8221;570px&#8221;]Destacamo-nos na apresenta\u00e7\u00e3o de solu\u00e7\u00f5es ideais[\/tm_heading][tm_spacer size=&#8221;lg:84&#8243;][tm_list list_style=&#8221;check-02&#8243; marker_color=&#8221;secondary&#8221; title_color=&#8221;primary&#8221; columns=&#8221;xs:1;lg:2&#8243; items=&#8221;%5B%7B%22item_title%22%3A%22Garantia%20de%20Gest%C3%A3o%20TI%22%2C%22item_desc%22%3A%22As%20nossas%20ofertas%20de%20servi%C3%A7o%20proporcionam%2C%20ao%20cliente%2C%20uma%20experi%C3%AAncia%20de%20gest%C3%A3o%20de%20garantia%20altamente%20funcional.%22%7D%2C%7B%22item_title%22%3A%22Engenharia%20de%20Produtos%20e%20Servi%C3%A7os%22%2C%22link%22%3A%22%7C%7C%7C%22%2C%22item_desc%22%3A%22Desenvolver%20e%2Fou%20propor%20melhorias%20de%20produto%20por%20meio%20de%20testes%20peri%C3%B3dicos%20e%20precisos%2C%20reparando%20e%20refinando%20cada%20vers%C3%A3o.%22%7D%2C%7B%22item_title%22%3A%22Sistema%20de%20Controlo%20de%20Qualidade%22%2C%22item_desc%22%3A%22%C3%89%20mais%20do%20que%20uma%20responsabilidade%2C%20mas%20uma%20garantia%20nossa%2C%20ganhar%20a%20confian%C3%A7a%20do%20cliente%20com%20um%20sistema%20de%20controle%20de%20qualidade%20altamente%20confi%C3%A1vel.%22%7D%2C%7B%22item_title%22%3A%22Tecnologia%20de%20Integra%C3%A7%C3%A3o%20de%20Infraestrutura%22%2C%22link%22%3A%22%7C%7C%7C%22%2C%22item_desc%22%3A%22Na%20Spidernet%2C%20temos%20uma%20abordagem%20hol%C3%ADstica%20e%20integrada%20para%20a%20moderniza%C3%A7%C3%A3o%20do%20n%C3%BAcleo%20para%20experimentar%20a%20evolu%C3%A7%C3%A3o%20tecnol%C3%B3gica.%22%7D%2C%7B%22item_title%22%3A%22Equipas%20Altamente%20Profissionais%22%2C%22item_desc%22%3A%22Tendo%20obtido%20forma%C3%A7%C3%A3o%20elevada%20em%20tecnologia%20de%20TI%2C%20as%20nossas%20equipas%20sentem-se%20confortaveis%20para%20abordar%20qualquer%20desafio.%22%7D%2C%7B%22item_title%22%3A%22Gest%C3%A3o%20de%20Seguran%C3%A7a%20da%20Informa%C3%A7%C3%A3o%22%2C%22item_desc%22%3A%22A%20seguran%C3%A7a%20da%20informa%C3%A7%C3%A3o%20tem%20sido%20um%20problema%20crescente%20devido%20a%20uma%20s%C3%A9rie%20de%20esc%C3%A2ndalos%20em%20grandes%20empresas.%20Fique%20tranquilo%2C%20estamos%20aqui.%22%7D%5D&#8221;][tm_spacer size=&#8221;lg:80&#8243;][\/vc_column][\/vc_row]<\/p>\n","protected":false},"excerpt":{"rendered":"<p>[vc_row full_width=&#8221;stretch_row&#8221; background_image=&#8221;2531&#8243; background_position=&#8221;center&#8221;][vc_column][tm_spacer size=&#8221;sm:150;lg:192&#8243;][tm_heading tag=&#8221;h4&#8243; custom_google_font=&#8221;&#8221; align=&#8221;center&#8221; text_color=&#8221;custom&#8221; custom_text_color=&#8221;#ffffff&#8221; font_size=&#8221;xs:34;sm:44;md:54;lg:64&#8243; line_height=&#8221;1.13&#8243;]Sobre a Spidernet[\/tm_heading][tm_spacer size=&#8221;lg:21&#8243;][tm_heading tag=&#8221;div&#8221; custom_google_font=&#8221;&#8221; font_weight=&#8221;500&#8243; align=&#8221;center&#8221; text_color=&#8221;custom&#8221; custom_text_color=&#8221;#ffffff&#8221; font_size=&#8221;sm:18;md:21;lg:24&#8243; line_height=&#8221;1.67&#8243; max_width=&#8221;740px&#8221;]A Spidernet \u00e9 uma empresa de presta\u00e7\u00e3o de servi\u00e7os na \u00e1rea da inform\u00e1tica e das novas tecnologias. [\/tm_heading][tm_spacer size=&#8221;sm:120;lg:165&#8243;][\/vc_column][\/vc_row][vc_row][vc_column][tm_spacer size=&#8221;lg:118&#8243;][tm_heading style=&#8221;modern&#8221; tag=&#8221;h6&#8243; custom_google_font=&#8221;&#8221; align=&#8221;center&#8221; text_color=&#8221;custom&#8221; custom_text_color=&#8221;#ababab&#8221;]A nossa empresa[\/tm_heading][tm_spacer size=&#8221;lg:23&#8243;][tm_heading custom_google_font=&#8221;&#8221; align=&#8221;center&#8221; font_size=&#8221;sm:28;md:34;lg:40&#8243; line_height=&#8221;1.4&#8243; max_width=&#8221;600px&#8221;]Executamos todos os tipos de servi\u00e7os de TI que garantem o seu sucesso[\/tm_heading][tm_spacer size=&#8221;lg:70&#8243;][vc_row_inner][vc_column_inner offset=&#8221;vc_col-md-offset-1 vc_col-md-4&#8243;][tm_heading style=&#8221;modern-number-01&#8243; custom_google_font=&#8221;&#8221; max_width=&#8221;330px&#8221;]21Anos de Experi\u00eancia em TI[\/tm_heading][tm_spacer size=&#8221;lg:24&#8243;][tm_heading tag=&#8221;h4&#8243; custom_google_font=&#8221;&#8221; font_size=&#8221;lg:20&#8243;]Repletos de paix\u00e3o pelo que fazemos[\/tm_heading][tm_spacer size=&#8221;sm:30&#8243;][\/vc_column_inner][vc_column_inner offset=&#8221;vc_col-md-offset-1 vc_col-md-5&#8243;][tm_heading tag=&#8221;div&#8221; custom_google_font=&#8221;&#8221; font_size=&#8221;lg:18&#8243; line_height=&#8221;1.67&#8243;]Especialistas em seguran\u00e7a de informa\u00e7\u00e3o, em prote\u00e7\u00e3o de sistemas, em optimiza\u00e7\u00e3o de redes e na gest\u00e3o de dados, somos vers\u00e1teis e determinados. Temos tudo o que alguns outros t\u00eam \u2013 bons profissionais, rapidez e efici\u00eancia no atendimento, pre\u00e7os competitivos \u2013 mas juntamos a isso a energia motriz capaz de diferenciar o nosso servi\u00e7o. \u00c9 esse o trunfo que temos para oferecer e que nos distingue.[\/tm_heading][tm_spacer size=&#8221;lg:23&#8243;][tm_button style=&#8221;text&#8221; button=&#8221;url:https%3A%2F%2Fspidernet.pt%2Fsite%2Four-history%2F|title:A%20nossa%20hist%C3%B3ria&#8221; icon_type=&#8221;fontawesome5&#8243; icon_fontawesome5=&#8221;far fa-long-arrow-right&#8221; color=&#8221;custom&#8221; font_color=&#8221;primary&#8221; font_color_hover=&#8221;secondary&#8221;][\/vc_column_inner][\/vc_row_inner][\/vc_column][\/vc_row][vc_row full_width=&#8221;stretch_row&#8221;][vc_column][tm_spacer size=&#8221;lg:106&#8243;][tm_grid centered_items=&#8221;1&#8243; equal_height=&#8221;1&#8243; columns=&#8221;xs:1;sm:1;lg:3&#8243; column_gutter=&#8221;lg:30&#8243; row_gutter=&#8221;lg:30&#8243; item_max_width=&#8221;lg:370&#8243;][tm_box_image style=&#8221;06&#8243; align=&#8221;center&#8221; box_link=&#8221;url:https%3A%2F%2Fspidernet.pt%2Fsite%2Fcontacts%2F|title:Contacte-nos&#8221; heading=&#8221;O que podemos fazer?&#8221; text=&#8221;Analisamos intensamente as necessidades do seu n\u00e9gocio de forma a descobrir as melhores solu\u00e7\u00f5es disponiveis.&#8221; button=&#8221;url:https%3A%2F%2Fspidernet.pt%2Fsite%2Fcontacts%2F|title:Contacte-nos&#8221; image=&#8221;1068&#8243;][tm_box_image style=&#8221;06&#8243; align=&#8221;center&#8221; box_link=&#8221;url:https%3A%2F%2Fspidernet.pt%2Fsite%2Fcontacts%2F|title:Contacte-nos&#8221; heading=&#8221;Quer ser nosso parceiro?&#8221; text=&#8221;A nossa abordagem preventiva e progressiva ir\u00e1 ajud\u00e1-lo a lidar com poss\u00edveis amea\u00e7as na gest\u00e3o dos seus dados&#8221; button=&#8221;url:https%3A%2F%2Fspidernet.pt%2Fsite%2Fcontacts%2F|title:Contacte-nos&#8221; image=&#8221;1067&#8243;][tm_box_image style=&#8221;06&#8243; align=&#8221;center&#8221; box_link=&#8221;url:https%3A%2F%2Fspidernet.pt%2Fsite%2Fcontacts%2F|title:Contacte-nos&#8221; heading=&#8221;Precisa de uma ajuda?&#8221; text=&#8221;A nossa equipa de suporte estar\u00e1 sempre bem preparada para o ajudar a resolver qualquer um dos seus maiores problemas&#8221; button=&#8221;url:https%3A%2F%2Fspidernet.pt%2Fsite%2Fcontacts%2F|title:Contacte-nos&#8221; image=&#8221;1066&#8243;][\/tm_grid][tm_spacer size=&#8221;lg:70&#8243;][tm_heading style=&#8221;link-style-01&#8243; tag=&#8221;div&#8221; custom_google_font=&#8221;&#8221; align=&#8221;center&#8221;]Os desafios s\u00e3o apenas oportunidades disfar\u00e7adas. Aceite o desafio![\/tm_heading][tm_spacer size=&#8221;lg:101&#8243;][\/vc_column][\/vc_row][vc_row full_width=&#8221;stretch_row_content&#8221; content_placement=&#8221;middle&#8221; background_color=&#8221;custom&#8221; background_size=&#8221;auto&#8221; lg_spacing=&#8221;padding_top:40;padding_bottom:40&#8243; custom_background_color=&#8221;#f8f8f8&#8243; background_image=&#8221;725&#8243; background_position=&#8221;center right 40px&#8221; sm_spacing=&#8221;padding_top:100;padding_bottom:100&#8243;][vc_column offset=&#8221;vc_col-md-6&#8243; order=&#8221;sm:3&#8243;][vc_row_inner content_alignment=&#8221;right&#8221; sm_content_alignment=&#8221;center&#8221; max_width=&#8221;600px&#8221;][vc_column_inner][tm_spacer size=&#8221;lg:25&#8243;][tm_heading tag=&#8221;h4&#8243; custom_google_font=&#8221;&#8221; sm_align=&#8221;center&#8221; font_size=&#8221;sm:28;md:34;lg:40&#8243; line_height=&#8221;1.4&#8243;]Estamos no mercado TI desde o ano 2000[\/tm_heading][tm_spacer size=&#8221;lg:40&#8243;][tm_heading style=&#8221;modern&#8221; custom_google_font=&#8221;&#8221; sm_align=&#8221;center&#8221; text_color=&#8221;custom&#8221; custom_text_color=&#8221;#ababab&#8221;] O que nos distingue \u00e9 a capacidade de trabalho e a adapta\u00e7\u00e3o das solu\u00e7\u00f5es \u00e0 atividade do cliente. Conhecemos os softwares, dominamos as tecnologias de partilha de informa\u00e7\u00e3o, as novas e as antigas, entendemos a arquitectura de rede e a engenharia imprescind\u00edvel aos projectos bem sucedidos.[\/tm_heading][tm_spacer size=&#8221;lg:40&#8243;][\/vc_column_inner][\/vc_row_inner][\/vc_column][vc_column offset=&#8221;vc_col-md-6&#8243;][tm_image align=&#8221;center&#8221; image=&#8221;2621&#8243;][tm_spacer size=&#8221;sm:30&#8243;][\/vc_column][\/vc_row][vc_row][vc_column][tm_spacer size=&#8221;sm:100;lg:120&#8243;][tm_heading tag=&#8221;h4&#8243; custom_google_font=&#8221;&#8221; align=&#8221;center&#8221; font_size=&#8221;sm:28;md:34;lg:40&#8243; line_height=&#8221;1.4&#8243; max_width=&#8221;570px&#8221;]Destacamo-nos na apresenta\u00e7\u00e3o de solu\u00e7\u00f5es ideais[\/tm_heading][tm_spacer size=&#8221;lg:84&#8243;][tm_list list_style=&#8221;check-02&#8243; marker_color=&#8221;secondary&#8221; title_color=&#8221;primary&#8221; columns=&#8221;xs:1;lg:2&#8243; items=&#8221;%5B%7B%22item_title%22%3A%22Garantia%20de%20Gest%C3%A3o%20TI%22%2C%22item_desc%22%3A%22As%20nossas%20ofertas%20de%20servi%C3%A7o%20proporcionam%2C%20ao%20cliente%2C%20uma%20experi%C3%AAncia%20de%20gest%C3%A3o%20de%20garantia%20altamente%20funcional.%22%7D%2C%7B%22item_title%22%3A%22Engenharia%20de%20Produtos%20e%20Servi%C3%A7os%22%2C%22link%22%3A%22%7C%7C%7C%22%2C%22item_desc%22%3A%22Desenvolver%20e%2Fou%20propor%20melhorias%20de%20produto%20por%20meio%20de%20testes%20peri%C3%B3dicos%20e%20precisos%2C%20reparando%20e%20refinando%20cada%20vers%C3%A3o.%22%7D%2C%7B%22item_title%22%3A%22Sistema%20de%20Controlo%20de%20Qualidade%22%2C%22item_desc%22%3A%22%C3%89%20mais%20do%20que%20uma%20responsabilidade%2C%20mas%20uma%20garantia%20nossa%2C%20ganhar%20a%20confian%C3%A7a%20do%20cliente%20com%20um%20sistema%20de%20controle%20de%20qualidade%20altamente%20confi%C3%A1vel.%22%7D%2C%7B%22item_title%22%3A%22Tecnologia%20de%20Integra%C3%A7%C3%A3o%20de%20Infraestrutura%22%2C%22link%22%3A%22%7C%7C%7C%22%2C%22item_desc%22%3A%22Na%20Spidernet%2C%20temos%20uma%20abordagem%20hol%C3%ADstica%20e%20integrada%20para%20a%20moderniza%C3%A7%C3%A3o%20do%20n%C3%BAcleo%20para%20experimentar%20a%20evolu%C3%A7%C3%A3o%20tecnol%C3%B3gica.%22%7D%2C%7B%22item_title%22%3A%22Equipas%20Altamente%20Profissionais%22%2C%22item_desc%22%3A%22Tendo%20obtido%20forma%C3%A7%C3%A3o%20elevada%20em%20tecnologia%20de%20TI%2C%20as%20nossas%20equipas%20sentem-se%20confortaveis%20para%20abordar%20qualquer%20desafio.%22%7D%2C%7B%22item_title%22%3A%22Gest%C3%A3o%20de%20Seguran%C3%A7a%20da%20Informa%C3%A7%C3%A3o%22%2C%22item_desc%22%3A%22A%20seguran%C3%A7a%20da%20informa%C3%A7%C3%A3o%20tem%20sido%20um%20problema%20crescente%20devido%20a%20uma%20s%C3%A9rie%20de%20esc%C3%A2ndalos%20em%20grandes%20empresas.%20Fique%20tranquilo%2C%20estamos%20aqui.%22%7D%5D&#8221;][tm_spacer size=&#8221;lg:80&#8243;][\/vc_column][\/vc_row]<\/p>\n","protected":false},"author":1,"featured_media":0,"parent":0,"menu_order":0,"comment_status":"closed","ping_status":"closed","template":"","meta":{"footnotes":""},"class_list":["post-1055","page","type-page","status-publish","hentry","post-no-thumbnail"],"_links":{"self":[{"href":"https:\/\/spidernet.pt\/site\/wp-json\/wp\/v2\/pages\/1055","targetHints":{"allow":["GET"]}}],"collection":[{"href":"https:\/\/spidernet.pt\/site\/wp-json\/wp\/v2\/pages"}],"about":[{"href":"https:\/\/spidernet.pt\/site\/wp-json\/wp\/v2\/types\/page"}],"author":[{"embeddable":true,"href":"https:\/\/spidernet.pt\/site\/wp-json\/wp\/v2\/users\/1"}],"replies":[{"embeddable":true,"href":"https:\/\/spidernet.pt\/site\/wp-json\/wp\/v2\/comments?post=1055"}],"version-history":[{"count":52,"href":"https:\/\/spidernet.pt\/site\/wp-json\/wp\/v2\/pages\/1055\/revisions"}],"predecessor-version":[{"id":3249,"href":"https:\/\/spidernet.pt\/site\/wp-json\/wp\/v2\/pages\/1055\/revisions\/3249"}],"wp:attachment":[{"href":"https:\/\/spidernet.pt\/site\/wp-json\/wp\/v2\/media?parent=1055"}],"curies":[{"name":"wp","href":"https:\/\/api.w.org\/{rel}","templated":true}]}}